{"id":243,"date":"2024-10-04T19:09:00","date_gmt":"2024-10-04T17:09:00","guid":{"rendered":"http:\/\/nemetheva.hu\/?page_id=243"},"modified":"2024-12-13T18:48:08","modified_gmt":"2024-12-13T17:48:08","slug":"p2","status":"publish","type":"page","link":"https:\/\/nemetheva.hu\/index.php\/p2\/","title":{"rendered":"2. Csal\u00e1dih\u00e1z fel\u00faj\u00edt\u00e1sa, b\u0151v\u00edt\u00e9se"},"content":{"rendered":"\n<p class=\"has-text-align-left\" style=\"padding-right:var(--wp--preset--spacing--20);padding-left:var(--wp--preset--spacing--20)\">A k\u00e9t vil\u00e1gh\u00e1bor\u00fa k\u00f6z\u00f6tt \u00e9p\u00fclt kis h\u00e1zik\u00f3 nagy \u00e1talakul\u00e1son ment kereszt\u00fcl<\/p>\n\n\n\n<div class=\"wp-block-group has-global-padding is-layout-constrained wp-block-group-is-layout-constrained\">\n<figure class=\"wp-block-image aligncenter size-large\"><img fetchpriority=\"high\" decoding=\"async\" width=\"1024\" height=\"768\" src=\"http:\/\/nemetheva.hu\/wp-content\/uploads\/2024\/10\/1.1-1024x768.jpg\" alt=\"\" class=\"wp-image-71\" srcset=\"https:\/\/nemetheva.hu\/wp-content\/uploads\/2024\/10\/1.1-1024x768.jpg 1024w, https:\/\/nemetheva.hu\/wp-content\/uploads\/2024\/10\/1.1-300x225.jpg 300w, https:\/\/nemetheva.hu\/wp-content\/uploads\/2024\/10\/1.1-768x576.jpg 768w, https:\/\/nemetheva.hu\/wp-content\/uploads\/2024\/10\/1.1-1536x1152.jpg 1536w, https:\/\/nemetheva.hu\/wp-content\/uploads\/2024\/10\/1.1-2048x1536.jpg 2048w\" sizes=\"(max-width: 1024px) 100vw, 1024px\" \/><figcaption class=\"wp-element-caption\">Utcai homlokzat az \u00e1talak\u00edt\u00e1s el\u0151tt<\/figcaption><\/figure>\n<\/div>\n\n\n\n<figure class=\"wp-block-image aligncenter size-large\"><img decoding=\"async\" width=\"1024\" height=\"768\" src=\"http:\/\/nemetheva.hu\/wp-content\/uploads\/2024\/10\/1.2-1024x768.jpg\" alt=\"\" class=\"wp-image-72\" srcset=\"https:\/\/nemetheva.hu\/wp-content\/uploads\/2024\/10\/1.2-1024x768.jpg 1024w, https:\/\/nemetheva.hu\/wp-content\/uploads\/2024\/10\/1.2-300x225.jpg 300w, https:\/\/nemetheva.hu\/wp-content\/uploads\/2024\/10\/1.2-768x576.jpg 768w, https:\/\/nemetheva.hu\/wp-content\/uploads\/2024\/10\/1.2-1536x1152.jpg 1536w, https:\/\/nemetheva.hu\/wp-content\/uploads\/2024\/10\/1.2-2048x1536.jpg 2048w\" sizes=\"(max-width: 1024px) 100vw, 1024px\" \/><figcaption class=\"wp-element-caption\">Oldalhomlokzat az \u00e1talak\u00edt\u00e1s el\u0151tt<\/figcaption><\/figure>\n\n\n\n<figure class=\"wp-block-image aligncenter size-large\"><img decoding=\"async\" width=\"1024\" height=\"768\" src=\"http:\/\/nemetheva.hu\/wp-content\/uploads\/2024\/10\/1.3-1024x768.jpg\" alt=\"\" class=\"wp-image-73\" srcset=\"https:\/\/nemetheva.hu\/wp-content\/uploads\/2024\/10\/1.3-1024x768.jpg 1024w, https:\/\/nemetheva.hu\/wp-content\/uploads\/2024\/10\/1.3-300x225.jpg 300w, https:\/\/nemetheva.hu\/wp-content\/uploads\/2024\/10\/1.3-768x576.jpg 768w, https:\/\/nemetheva.hu\/wp-content\/uploads\/2024\/10\/1.3-1536x1152.jpg 1536w, https:\/\/nemetheva.hu\/wp-content\/uploads\/2024\/10\/1.3-2048x1536.jpg 2048w\" sizes=\"(max-width: 1024px) 100vw, 1024px\" \/><figcaption class=\"wp-element-caption\">Kert fel\u0151li homlokzat az \u00e1talak\u00edt\u00e1s el\u0151tt<\/figcaption><\/figure>\n\n\n\n<figure class=\"wp-block-image aligncenter size-large\"><img loading=\"lazy\" decoding=\"async\" width=\"1024\" height=\"768\" src=\"http:\/\/nemetheva.hu\/wp-content\/uploads\/2024\/10\/1.4-1024x768.jpg\" alt=\"\" class=\"wp-image-74\" srcset=\"https:\/\/nemetheva.hu\/wp-content\/uploads\/2024\/10\/1.4-1024x768.jpg 1024w, https:\/\/nemetheva.hu\/wp-content\/uploads\/2024\/10\/1.4-300x225.jpg 300w, https:\/\/nemetheva.hu\/wp-content\/uploads\/2024\/10\/1.4-768x576.jpg 768w, https:\/\/nemetheva.hu\/wp-content\/uploads\/2024\/10\/1.4-1536x1152.jpg 1536w, https:\/\/nemetheva.hu\/wp-content\/uploads\/2024\/10\/1.4-2048x1536.jpg 2048w\" sizes=\"(max-width: 1024px) 100vw, 1024px\" \/><figcaption class=\"wp-element-caption\">\u00c1talak\u00edt\u00e1s k\u00f6zben<\/figcaption><\/figure>\n\n\n\n<figure class=\"wp-block-image aligncenter size-large\"><img loading=\"lazy\" decoding=\"async\" width=\"1024\" height=\"614\" src=\"http:\/\/nemetheva.hu\/wp-content\/uploads\/2024\/10\/1.8-1024x614.jpg\" alt=\"\" class=\"wp-image-78\" srcset=\"https:\/\/nemetheva.hu\/wp-content\/uploads\/2024\/10\/1.8-1024x614.jpg 1024w, https:\/\/nemetheva.hu\/wp-content\/uploads\/2024\/10\/1.8-300x180.jpg 300w, https:\/\/nemetheva.hu\/wp-content\/uploads\/2024\/10\/1.8-768x461.jpg 768w, https:\/\/nemetheva.hu\/wp-content\/uploads\/2024\/10\/1.8-1536x922.jpg 1536w, https:\/\/nemetheva.hu\/wp-content\/uploads\/2024\/10\/1.8.jpg 2000w\" sizes=\"(max-width: 1024px) 100vw, 1024px\" \/><figcaption class=\"wp-element-caption\">T\u00f6megv\u00e1zlat a kert fel\u0151l az \u00e1talak\u00edt\u00e1s ut\u00e1n<\/figcaption><\/figure>\n\n\n\n<figure class=\"wp-block-image aligncenter size-large\"><img loading=\"lazy\" decoding=\"async\" width=\"1024\" height=\"614\" src=\"http:\/\/nemetheva.hu\/wp-content\/uploads\/2024\/10\/1.9-1024x614.jpg\" alt=\"\" class=\"wp-image-80\" srcset=\"https:\/\/nemetheva.hu\/wp-content\/uploads\/2024\/10\/1.9-1024x614.jpg 1024w, https:\/\/nemetheva.hu\/wp-content\/uploads\/2024\/10\/1.9-300x180.jpg 300w, https:\/\/nemetheva.hu\/wp-content\/uploads\/2024\/10\/1.9-768x461.jpg 768w, https:\/\/nemetheva.hu\/wp-content\/uploads\/2024\/10\/1.9-1536x922.jpg 1536w, https:\/\/nemetheva.hu\/wp-content\/uploads\/2024\/10\/1.9.jpg 2000w\" sizes=\"(max-width: 1024px) 100vw, 1024px\" \/><figcaption class=\"wp-element-caption\">L\u00e1tv\u00e1nyterv a kert fel\u0151l az \u00e1talak\u00edt\u00e1s ut\u00e1n<\/figcaption><\/figure>\n\n\n\n<figure class=\"wp-block-image aligncenter size-large\"><img loading=\"lazy\" decoding=\"async\" width=\"1024\" height=\"577\" src=\"http:\/\/nemetheva.hu\/wp-content\/uploads\/2024\/10\/1.10-1024x577.jpg\" alt=\"\" class=\"wp-image-81\" srcset=\"https:\/\/nemetheva.hu\/wp-content\/uploads\/2024\/10\/1.10-1024x577.jpg 1024w, https:\/\/nemetheva.hu\/wp-content\/uploads\/2024\/10\/1.10-300x169.jpg 300w, https:\/\/nemetheva.hu\/wp-content\/uploads\/2024\/10\/1.10-768x433.jpg 768w, https:\/\/nemetheva.hu\/wp-content\/uploads\/2024\/10\/1.10-1536x865.jpg 1536w, https:\/\/nemetheva.hu\/wp-content\/uploads\/2024\/10\/1.10-2048x1154.jpg 2048w\" sizes=\"(max-width: 1024px) 100vw, 1024px\" \/><figcaption class=\"wp-element-caption\">Az elk\u00e9sz\u00fclt \u00e9p\u00fclet a kert fel\u0151l az \u00e1talak\u00edt\u00e1s ut\u00e1n<\/figcaption><\/figure>\n\n\n\n<figure class=\"wp-block-image aligncenter size-large\"><img loading=\"lazy\" decoding=\"async\" width=\"1024\" height=\"614\" src=\"http:\/\/nemetheva.hu\/wp-content\/uploads\/2024\/10\/1.11-1024x614.jpg\" alt=\"\" class=\"wp-image-82\" srcset=\"https:\/\/nemetheva.hu\/wp-content\/uploads\/2024\/10\/1.11-1024x614.jpg 1024w, https:\/\/nemetheva.hu\/wp-content\/uploads\/2024\/10\/1.11-300x180.jpg 300w, https:\/\/nemetheva.hu\/wp-content\/uploads\/2024\/10\/1.11-768x461.jpg 768w, https:\/\/nemetheva.hu\/wp-content\/uploads\/2024\/10\/1.11-1536x922.jpg 1536w, https:\/\/nemetheva.hu\/wp-content\/uploads\/2024\/10\/1.11.jpg 2000w\" sizes=\"(max-width: 1024px) 100vw, 1024px\" \/><figcaption class=\"wp-element-caption\">T\u00f6megv\u00e1zlat az \u00e1talak\u00edt\u00e1s ut\u00e1n oldalr\u00f3l<\/figcaption><\/figure>\n\n\n\n<figure class=\"wp-block-image aligncenter size-large\"><img loading=\"lazy\" decoding=\"async\" width=\"1024\" height=\"614\" src=\"http:\/\/nemetheva.hu\/wp-content\/uploads\/2024\/10\/1.12-1024x614.jpg\" alt=\"\" class=\"wp-image-83\" srcset=\"https:\/\/nemetheva.hu\/wp-content\/uploads\/2024\/10\/1.12-1024x614.jpg 1024w, https:\/\/nemetheva.hu\/wp-content\/uploads\/2024\/10\/1.12-300x180.jpg 300w, https:\/\/nemetheva.hu\/wp-content\/uploads\/2024\/10\/1.12-768x461.jpg 768w, https:\/\/nemetheva.hu\/wp-content\/uploads\/2024\/10\/1.12-1536x922.jpg 1536w, https:\/\/nemetheva.hu\/wp-content\/uploads\/2024\/10\/1.12.jpg 2000w\" sizes=\"(max-width: 1024px) 100vw, 1024px\" \/><figcaption class=\"wp-element-caption\">L\u00e1tv\u00e1nyterv az \u00e1talak\u00edt\u00e1s ut\u00e1n oldalr\u00f3l<\/figcaption><\/figure>\n\n\n\n<figure class=\"wp-block-image aligncenter size-large\"><img loading=\"lazy\" decoding=\"async\" width=\"1024\" height=\"577\" src=\"http:\/\/nemetheva.hu\/wp-content\/uploads\/2024\/10\/1.13-1024x577.jpg\" alt=\"\" class=\"wp-image-84\" srcset=\"https:\/\/nemetheva.hu\/wp-content\/uploads\/2024\/10\/1.13-1024x577.jpg 1024w, https:\/\/nemetheva.hu\/wp-content\/uploads\/2024\/10\/1.13-300x169.jpg 300w, https:\/\/nemetheva.hu\/wp-content\/uploads\/2024\/10\/1.13-768x433.jpg 768w, https:\/\/nemetheva.hu\/wp-content\/uploads\/2024\/10\/1.13-1536x865.jpg 1536w, https:\/\/nemetheva.hu\/wp-content\/uploads\/2024\/10\/1.13-2048x1154.jpg 2048w\" sizes=\"(max-width: 1024px) 100vw, 1024px\" \/><figcaption class=\"wp-element-caption\">Az elk\u00e9sz\u00fclt \u00e9p\u00fclet az \u00e1talak\u00edt\u00e1s ut\u00e1n oldalr\u00f3l<\/figcaption><\/figure>\n\n\n\n<figure class=\"wp-block-image aligncenter size-large\"><img loading=\"lazy\" decoding=\"async\" width=\"1024\" height=\"614\" src=\"http:\/\/nemetheva.hu\/wp-content\/uploads\/2024\/10\/1.5-1024x614.jpg\" alt=\"\" class=\"wp-image-75\" srcset=\"https:\/\/nemetheva.hu\/wp-content\/uploads\/2024\/10\/1.5-1024x614.jpg 1024w, https:\/\/nemetheva.hu\/wp-content\/uploads\/2024\/10\/1.5-300x180.jpg 300w, https:\/\/nemetheva.hu\/wp-content\/uploads\/2024\/10\/1.5-768x461.jpg 768w, https:\/\/nemetheva.hu\/wp-content\/uploads\/2024\/10\/1.5-1536x922.jpg 1536w, https:\/\/nemetheva.hu\/wp-content\/uploads\/2024\/10\/1.5.jpg 2000w\" sizes=\"(max-width: 1024px) 100vw, 1024px\" \/><figcaption class=\"wp-element-caption\">T\u00f6megv\u00e1zlat az utca fel\u0151l az \u00e1talak\u00edt\u00e1s ut\u00e1n<\/figcaption><\/figure>\n\n\n\n<figure class=\"wp-block-image aligncenter size-large\"><img loading=\"lazy\" decoding=\"async\" width=\"1024\" height=\"614\" src=\"http:\/\/nemetheva.hu\/wp-content\/uploads\/2024\/10\/1.6-1024x614.jpg\" alt=\"\" class=\"wp-image-76\" srcset=\"https:\/\/nemetheva.hu\/wp-content\/uploads\/2024\/10\/1.6-1024x614.jpg 1024w, https:\/\/nemetheva.hu\/wp-content\/uploads\/2024\/10\/1.6-300x180.jpg 300w, https:\/\/nemetheva.hu\/wp-content\/uploads\/2024\/10\/1.6-768x461.jpg 768w, https:\/\/nemetheva.hu\/wp-content\/uploads\/2024\/10\/1.6-1536x922.jpg 1536w, https:\/\/nemetheva.hu\/wp-content\/uploads\/2024\/10\/1.6.jpg 2000w\" sizes=\"(max-width: 1024px) 100vw, 1024px\" \/><figcaption class=\"wp-element-caption\">L\u00e1tv\u00e1nyterv az utca fel\u0151l az \u00e1talak\u00edt\u00e1s ut\u00e1n<\/figcaption><\/figure>\n\n\n\n<figure class=\"wp-block-image aligncenter size-large\"><img loading=\"lazy\" decoding=\"async\" width=\"1024\" height=\"768\" src=\"http:\/\/nemetheva.hu\/wp-content\/uploads\/2024\/10\/1.7-1024x768.jpg\" alt=\"\" class=\"wp-image-77\" srcset=\"https:\/\/nemetheva.hu\/wp-content\/uploads\/2024\/10\/1.7-1024x768.jpg 1024w, https:\/\/nemetheva.hu\/wp-content\/uploads\/2024\/10\/1.7-300x225.jpg 300w, https:\/\/nemetheva.hu\/wp-content\/uploads\/2024\/10\/1.7-768x576.jpg 768w, https:\/\/nemetheva.hu\/wp-content\/uploads\/2024\/10\/1.7-1536x1152.jpg 1536w, https:\/\/nemetheva.hu\/wp-content\/uploads\/2024\/10\/1.7-2048x1536.jpg 2048w\" sizes=\"(max-width: 1024px) 100vw, 1024px\" \/><figcaption class=\"wp-element-caption\">Az elk\u00e9sz\u00fclt \u00e9p\u00fclet az utca fel\u0151l az \u00e1talak\u00edt\u00e1s ut\u00e1n<\/figcaption><\/figure>\n\n\n\n<div class=\"wp-block-columns is-layout-flex wp-container-core-columns-is-layout-1 wp-block-columns-is-layout-flex\">\n<div class=\"wp-block-column is-layout-flow wp-block-column-is-layout-flow\">\n<div class=\"wp-block-buttons has-custom-font-size has-small-font-size is-content-justification-center is-nowrap is-layout-flex wp-container-core-buttons-is-layout-1 wp-block-buttons-is-layout-flex\">\n<div class=\"wp-block-button is-style-outline is-style-outline--3c947b6714cedfaef17454f7400005dd\"><a class=\"wp-block-button__link wp-element-button\" href=\"http:\/\/nemetheva.hu\/index.php\/p1\/\">El\u0151z\u0151<\/a><\/div>\n<\/div>\n<\/div>\n\n\n\n<div class=\"wp-block-column is-layout-flow wp-block-column-is-layout-flow\">\n<div class=\"wp-block-buttons has-custom-font-size has-small-font-size is-content-justification-center is-nowrap is-layout-flex wp-container-core-buttons-is-layout-2 wp-block-buttons-is-layout-flex\">\n<div class=\"wp-block-button is-style-outline is-style-outline--3683d6af1ac91479e164b7d7a18f4b9d\"><a class=\"wp-block-button__link wp-element-button\" href=\"http:\/\/nemetheva.hu\/\">F\u0151oldal<\/a><\/div>\n<\/div>\n<\/div>\n\n\n\n<div class=\"wp-block-column is-layout-flow wp-block-column-is-layout-flow\">\n<div class=\"wp-block-buttons has-custom-font-size has-small-font-size is-content-justification-center is-nowrap is-layout-flex wp-container-core-buttons-is-layout-3 wp-block-buttons-is-layout-flex\">\n<div class=\"wp-block-button is-style-outline is-style-outline--5fb399d7aa397c0ffc32e81584c8708b\"><a class=\"wp-block-button__link wp-element-button\" href=\"http:\/\/nemetheva.hu\/index.php\/p3\/\">K\u00f6vetkez\u0151<\/a><\/div>\n<\/div>\n<\/div>\n<\/div>\n\n\n\n<p><\/p>\n","protected":false},"excerpt":{"rendered":"<p>A k\u00e9t vil\u00e1gh\u00e1bor\u00fa k\u00f6z\u00f6tt \u00e9p\u00fclt kis h\u00e1zik\u00f3 nagy \u00e1talakul\u00e1son ment kereszt\u00fcl<\/p>\n","protected":false},"author":2,"featured_media":0,"parent":0,"menu_order":0,"comment_status":"closed","ping_status":"closed","template":"","meta":{"footnotes":""},"class_list":["post-243","page","type-page","status-publish","hentry"],"_links":{"self":[{"href":"https:\/\/nemetheva.hu\/index.php\/wp-json\/wp\/v2\/pages\/243"}],"collection":[{"href":"https:\/\/nemetheva.hu\/index.php\/wp-json\/wp\/v2\/pages"}],"about":[{"href":"https:\/\/nemetheva.hu\/index.php\/wp-json\/wp\/v2\/types\/page"}],"author":[{"embeddable":true,"href":"https:\/\/nemetheva.hu\/index.php\/wp-json\/wp\/v2\/users\/2"}],"replies":[{"embeddable":true,"href":"https:\/\/nemetheva.hu\/index.php\/wp-json\/wp\/v2\/comments?post=243"}],"version-history":[{"count":21,"href":"https:\/\/nemetheva.hu\/index.php\/wp-json\/wp\/v2\/pages\/243\/revisions"}],"predecessor-version":[{"id":726,"href":"https:\/\/nemetheva.hu\/index.php\/wp-json\/wp\/v2\/pages\/243\/revisions\/726"}],"wp:attachment":[{"href":"https:\/\/nemetheva.hu\/index.php\/wp-json\/wp\/v2\/media?parent=243"}],"curies":[{"name":"wp","href":"https:\/\/api.w.org\/{rel}","templated":true}]}}