{"id":257,"date":"2024-10-04T20:04:32","date_gmt":"2024-10-04T18:04:32","guid":{"rendered":"http:\/\/nemetheva.hu\/?page_id=257"},"modified":"2024-12-13T18:46:44","modified_gmt":"2024-12-13T17:46:44","slug":"p8","status":"publish","type":"page","link":"https:\/\/nemetheva.hu\/index.php\/p8\/","title":{"rendered":"8. Csal\u00e1dih\u00e1z b\u0151v\u00edt\u00e9se"},"content":{"rendered":"\n<p class=\"has-text-align-left\" style=\"margin-left:0;padding-right:var(--wp--preset--spacing--20);padding-left:var(--wp--preset--spacing--20)\">Falusias k\u00f6rnyezetben elhelyezked\u0151 csal\u00e1dih\u00e1z b\u0151v\u00edt\u00e9se<\/p>\n\n\n\n<figure class=\"wp-block-image aligncenter size-large\"><img fetchpriority=\"high\" decoding=\"async\" width=\"1024\" height=\"620\" src=\"http:\/\/nemetheva.hu\/wp-content\/uploads\/2024\/10\/2.1-1-1024x620.jpg\" alt=\"\" class=\"wp-image-91\" srcset=\"https:\/\/nemetheva.hu\/wp-content\/uploads\/2024\/10\/2.1-1-1024x620.jpg 1024w, https:\/\/nemetheva.hu\/wp-content\/uploads\/2024\/10\/2.1-1-300x182.jpg 300w, https:\/\/nemetheva.hu\/wp-content\/uploads\/2024\/10\/2.1-1-768x465.jpg 768w, https:\/\/nemetheva.hu\/wp-content\/uploads\/2024\/10\/2.1-1-1536x930.jpg 1536w, https:\/\/nemetheva.hu\/wp-content\/uploads\/2024\/10\/2.1-1.jpg 2000w\" sizes=\"(max-width: 1024px) 100vw, 1024px\" \/><figcaption class=\"wp-element-caption\">B\u0151v\u00edt\u00e9s el\u0151tti fot\u00f3, kiindul\u00e1si \u00e1llapot<\/figcaption><\/figure>\n\n\n\n<figure class=\"wp-block-image aligncenter size-large\"><img decoding=\"async\" width=\"1024\" height=\"614\" src=\"http:\/\/nemetheva.hu\/wp-content\/uploads\/2024\/10\/2.2.a-1-1024x614.jpg\" alt=\"\" class=\"wp-image-92\" srcset=\"https:\/\/nemetheva.hu\/wp-content\/uploads\/2024\/10\/2.2.a-1-1024x614.jpg 1024w, https:\/\/nemetheva.hu\/wp-content\/uploads\/2024\/10\/2.2.a-1-300x180.jpg 300w, https:\/\/nemetheva.hu\/wp-content\/uploads\/2024\/10\/2.2.a-1-768x461.jpg 768w, https:\/\/nemetheva.hu\/wp-content\/uploads\/2024\/10\/2.2.a-1-1536x922.jpg 1536w, https:\/\/nemetheva.hu\/wp-content\/uploads\/2024\/10\/2.2.a-1.jpg 2000w\" sizes=\"(max-width: 1024px) 100vw, 1024px\" \/><figcaption class=\"wp-element-caption\">T\u00f6megv\u00e1zlat a b\u0151v\u00edt\u00e9ssel egy\u00fctt<\/figcaption><\/figure>\n\n\n\n<figure class=\"wp-block-image aligncenter size-large\"><img decoding=\"async\" width=\"1024\" height=\"614\" src=\"http:\/\/nemetheva.hu\/wp-content\/uploads\/2024\/10\/2.3-1-1024x614.jpg\" alt=\"\" class=\"wp-image-94\" srcset=\"https:\/\/nemetheva.hu\/wp-content\/uploads\/2024\/10\/2.3-1-1024x614.jpg 1024w, https:\/\/nemetheva.hu\/wp-content\/uploads\/2024\/10\/2.3-1-300x180.jpg 300w, https:\/\/nemetheva.hu\/wp-content\/uploads\/2024\/10\/2.3-1-768x461.jpg 768w, https:\/\/nemetheva.hu\/wp-content\/uploads\/2024\/10\/2.3-1-1536x922.jpg 1536w, https:\/\/nemetheva.hu\/wp-content\/uploads\/2024\/10\/2.3-1.jpg 2000w\" sizes=\"(max-width: 1024px) 100vw, 1024px\" \/><figcaption class=\"wp-element-caption\">L\u00e1tv\u00e1nyterv a b\u0151v\u00edt\u00e9ssel egy\u00fctt<\/figcaption><\/figure>\n\n\n\n<figure class=\"wp-block-image aligncenter size-large\"><img loading=\"lazy\" decoding=\"async\" width=\"1024\" height=\"768\" src=\"http:\/\/nemetheva.hu\/wp-content\/uploads\/2024\/10\/2.4-1-1024x768.jpg\" alt=\"\" class=\"wp-image-95\" srcset=\"https:\/\/nemetheva.hu\/wp-content\/uploads\/2024\/10\/2.4-1-1024x768.jpg 1024w, https:\/\/nemetheva.hu\/wp-content\/uploads\/2024\/10\/2.4-1-300x225.jpg 300w, https:\/\/nemetheva.hu\/wp-content\/uploads\/2024\/10\/2.4-1-768x576.jpg 768w, https:\/\/nemetheva.hu\/wp-content\/uploads\/2024\/10\/2.4-1-1536x1152.jpg 1536w, https:\/\/nemetheva.hu\/wp-content\/uploads\/2024\/10\/2.4-1-2048x1536.jpg 2048w\" sizes=\"(max-width: 1024px) 100vw, 1024px\" \/><figcaption class=\"wp-element-caption\">Az elk\u00e9sz\u00fclt b\u0151v\u00edt\u00e9s<\/figcaption><\/figure>\n\n\n\n<figure class=\"wp-block-image aligncenter size-large\"><img loading=\"lazy\" decoding=\"async\" width=\"1024\" height=\"768\" src=\"http:\/\/nemetheva.hu\/wp-content\/uploads\/2024\/10\/2.5-1-1024x768.jpg\" alt=\"\" class=\"wp-image-96\" srcset=\"https:\/\/nemetheva.hu\/wp-content\/uploads\/2024\/10\/2.5-1-1024x768.jpg 1024w, https:\/\/nemetheva.hu\/wp-content\/uploads\/2024\/10\/2.5-1-300x225.jpg 300w, https:\/\/nemetheva.hu\/wp-content\/uploads\/2024\/10\/2.5-1-768x576.jpg 768w, https:\/\/nemetheva.hu\/wp-content\/uploads\/2024\/10\/2.5-1-1536x1152.jpg 1536w, https:\/\/nemetheva.hu\/wp-content\/uploads\/2024\/10\/2.5-1-2048x1536.jpg 2048w\" sizes=\"(max-width: 1024px) 100vw, 1024px\" \/><figcaption class=\"wp-element-caption\">Az elk\u00e9sz\u00fclt b\u0151v\u00edt\u00e9s<\/figcaption><\/figure>\n\n\n\n<div class=\"wp-block-columns is-layout-flex wp-container-core-columns-is-layout-1 wp-block-columns-is-layout-flex\">\n<div class=\"wp-block-column is-layout-flow wp-block-column-is-layout-flow\">\n<div class=\"wp-block-buttons is-content-justification-center is-layout-flex wp-container-core-buttons-is-layout-1 wp-block-buttons-is-layout-flex\">\n<div class=\"wp-block-button is-style-outline is-style-outline--1cd0fef9814928f6bbb31f353e28d190\"><a class=\"wp-block-button__link wp-element-button\" href=\"http:\/\/nemetheva.hu\/index.php\/p7\/\">El\u0151z\u0151<\/a><\/div>\n<\/div>\n<\/div>\n\n\n\n<div class=\"wp-block-column is-layout-flow wp-block-column-is-layout-flow\">\n<div class=\"wp-block-buttons is-content-justification-center is-layout-flex wp-container-core-buttons-is-layout-2 wp-block-buttons-is-layout-flex\">\n<div class=\"wp-block-button is-style-outline is-style-outline--6d7fe165c514c717df02271e9ada6f0b\"><a class=\"wp-block-button__link wp-element-button\" href=\"http:\/\/nemetheva.hu\">F\u0151oldal<\/a><\/div>\n<\/div>\n<\/div>\n\n\n\n<div class=\"wp-block-column is-layout-flow wp-block-column-is-layout-flow\">\n<div class=\"wp-block-buttons is-content-justification-center is-layout-flex wp-container-core-buttons-is-layout-3 wp-block-buttons-is-layout-flex\">\n<div class=\"wp-block-button is-style-outline is-style-outline--a4bbc4bcbd79b135ba886cfe8451d70a\"><a class=\"wp-block-button__link wp-element-button\" href=\"http:\/\/nemetheva.hu\/index.php\/p9\/\">K\u00f6vetkez\u0151<\/a><\/div>\n<\/div>\n<\/div>\n<\/div>\n\n\n\n<p><\/p>\n","protected":false},"excerpt":{"rendered":"<p>Falusias k\u00f6rnyezetben elhelyezked\u0151 csal\u00e1dih\u00e1z b\u0151v\u00edt\u00e9se<\/p>\n","protected":false},"author":2,"featured_media":0,"parent":0,"menu_order":0,"comment_status":"closed","ping_status":"closed","template":"","meta":{"footnotes":""},"class_list":["post-257","page","type-page","status-publish","hentry"],"_links":{"self":[{"href":"https:\/\/nemetheva.hu\/index.php\/wp-json\/wp\/v2\/pages\/257"}],"collection":[{"href":"https:\/\/nemetheva.hu\/index.php\/wp-json\/wp\/v2\/pages"}],"about":[{"href":"https:\/\/nemetheva.hu\/index.php\/wp-json\/wp\/v2\/types\/page"}],"author":[{"embeddable":true,"href":"https:\/\/nemetheva.hu\/index.php\/wp-json\/wp\/v2\/users\/2"}],"replies":[{"embeddable":true,"href":"https:\/\/nemetheva.hu\/index.php\/wp-json\/wp\/v2\/comments?post=257"}],"version-history":[{"count":17,"href":"https:\/\/nemetheva.hu\/index.php\/wp-json\/wp\/v2\/pages\/257\/revisions"}],"predecessor-version":[{"id":724,"href":"https:\/\/nemetheva.hu\/index.php\/wp-json\/wp\/v2\/pages\/257\/revisions\/724"}],"wp:attachment":[{"href":"https:\/\/nemetheva.hu\/index.php\/wp-json\/wp\/v2\/media?parent=257"}],"curies":[{"name":"wp","href":"https:\/\/api.w.org\/{rel}","templated":true}]}}