{"id":281,"date":"2024-10-04T22:03:15","date_gmt":"2024-10-04T20:03:15","guid":{"rendered":"http:\/\/nemetheva.hu\/?page_id=281"},"modified":"2024-12-13T18:47:48","modified_gmt":"2024-12-13T17:47:48","slug":"p11","status":"publish","type":"page","link":"https:\/\/nemetheva.hu\/index.php\/p11\/","title":{"rendered":"11. Csal\u00e1dih\u00e1z b\u0151v\u00edt\u00e9se tet\u0151cser\u00e9vel"},"content":{"rendered":"\n<p style=\"padding-right:var(--wp--preset--spacing--20);padding-left:var(--wp--preset--spacing--20)\">Egy m\u00falt sz\u00e1zad eleji \u00e9p\u00fclet tet\u0151cser\u00e9je a padl\u00e1s b\u0151v\u00edt\u00e9s\u00e9vel, a H\u00c9SZ el\u0151\u00edr\u00e1sai szerinti \u00e9p\u00edt\u00e9si helyen bel\u00fcl (4 m oldalkert elhagy\u00e1s\u00e1val)- a tet\u0151gerinc ir\u00e1ny\u00e1nak megv\u00e1ltoztat\u00e1s\u00e1val<\/p>\n\n\n\n<figure class=\"wp-block-image aligncenter size-large\"><img fetchpriority=\"high\" decoding=\"async\" width=\"1024\" height=\"614\" src=\"http:\/\/nemetheva.hu\/wp-content\/uploads\/2024\/10\/3.1-1024x614.jpg\" alt=\"\" class=\"wp-image-103\" srcset=\"https:\/\/nemetheva.hu\/wp-content\/uploads\/2024\/10\/3.1-1024x614.jpg 1024w, https:\/\/nemetheva.hu\/wp-content\/uploads\/2024\/10\/3.1-300x180.jpg 300w, https:\/\/nemetheva.hu\/wp-content\/uploads\/2024\/10\/3.1-768x460.jpg 768w, https:\/\/nemetheva.hu\/wp-content\/uploads\/2024\/10\/3.1-1536x921.jpg 1536w, https:\/\/nemetheva.hu\/wp-content\/uploads\/2024\/10\/3.1.jpg 1615w\" sizes=\"(max-width: 1024px) 100vw, 1024px\" \/><figcaption class=\"wp-element-caption\">T\u00f6megv\u00e1zlat a tervezett tet\u0151cser\u00e9vel<\/figcaption><\/figure>\n\n\n\n<figure class=\"wp-block-image aligncenter size-large\"><img decoding=\"async\" width=\"1024\" height=\"615\" src=\"http:\/\/nemetheva.hu\/wp-content\/uploads\/2024\/10\/3.2-1024x615.jpg\" alt=\"\" class=\"wp-image-104\" srcset=\"https:\/\/nemetheva.hu\/wp-content\/uploads\/2024\/10\/3.2-1024x615.jpg 1024w, https:\/\/nemetheva.hu\/wp-content\/uploads\/2024\/10\/3.2-300x180.jpg 300w, https:\/\/nemetheva.hu\/wp-content\/uploads\/2024\/10\/3.2-768x461.jpg 768w, https:\/\/nemetheva.hu\/wp-content\/uploads\/2024\/10\/3.2-1536x922.jpg 1536w, https:\/\/nemetheva.hu\/wp-content\/uploads\/2024\/10\/3.2.jpg 1581w\" sizes=\"(max-width: 1024px) 100vw, 1024px\" \/><figcaption class=\"wp-element-caption\">L\u00e1tv\u00e1nyterv a tervezett tet\u0151cser\u00e9vel<\/figcaption><\/figure>\n\n\n\n<figure class=\"wp-block-image aligncenter size-large\"><img decoding=\"async\" width=\"1024\" height=\"614\" src=\"http:\/\/nemetheva.hu\/wp-content\/uploads\/2024\/10\/3.3-1024x614.jpg\" alt=\"\" class=\"wp-image-105\" srcset=\"https:\/\/nemetheva.hu\/wp-content\/uploads\/2024\/10\/3.3-1024x614.jpg 1024w, https:\/\/nemetheva.hu\/wp-content\/uploads\/2024\/10\/3.3-300x180.jpg 300w, https:\/\/nemetheva.hu\/wp-content\/uploads\/2024\/10\/3.3-768x461.jpg 768w, https:\/\/nemetheva.hu\/wp-content\/uploads\/2024\/10\/3.3-1536x922.jpg 1536w, https:\/\/nemetheva.hu\/wp-content\/uploads\/2024\/10\/3.3.jpg 2000w\" sizes=\"(max-width: 1024px) 100vw, 1024px\" \/><figcaption class=\"wp-element-caption\">T\u00f6megv\u00e1zlat a tervezett tet\u0151cser\u00e9vel<\/figcaption><\/figure>\n\n\n\n<figure class=\"wp-block-image aligncenter size-large\"><img loading=\"lazy\" decoding=\"async\" width=\"1024\" height=\"614\" src=\"http:\/\/nemetheva.hu\/wp-content\/uploads\/2024\/10\/3.4-1024x614.jpg\" alt=\"\" class=\"wp-image-106\" style=\"object-fit:cover\" srcset=\"https:\/\/nemetheva.hu\/wp-content\/uploads\/2024\/10\/3.4-1024x614.jpg 1024w, https:\/\/nemetheva.hu\/wp-content\/uploads\/2024\/10\/3.4-300x180.jpg 300w, https:\/\/nemetheva.hu\/wp-content\/uploads\/2024\/10\/3.4-768x461.jpg 768w, https:\/\/nemetheva.hu\/wp-content\/uploads\/2024\/10\/3.4-1536x922.jpg 1536w, https:\/\/nemetheva.hu\/wp-content\/uploads\/2024\/10\/3.4.jpg 2000w\" sizes=\"(max-width: 1024px) 100vw, 1024px\" \/><figcaption class=\"wp-element-caption\">L\u00e1tv\u00e1nyterv a tervezett tet\u0151cser\u00e9vel<\/figcaption><\/figure>\n\n\n\n<figure class=\"wp-block-image aligncenter size-large\"><img loading=\"lazy\" decoding=\"async\" width=\"1024\" height=\"614\" src=\"http:\/\/nemetheva.hu\/wp-content\/uploads\/2024\/10\/3.5_a-1024x614.jpg\" alt=\"\" class=\"wp-image-107\" srcset=\"https:\/\/nemetheva.hu\/wp-content\/uploads\/2024\/10\/3.5_a-1024x614.jpg 1024w, https:\/\/nemetheva.hu\/wp-content\/uploads\/2024\/10\/3.5_a-300x180.jpg 300w, https:\/\/nemetheva.hu\/wp-content\/uploads\/2024\/10\/3.5_a-768x461.jpg 768w, https:\/\/nemetheva.hu\/wp-content\/uploads\/2024\/10\/3.5_a-1536x922.jpg 1536w, https:\/\/nemetheva.hu\/wp-content\/uploads\/2024\/10\/3.5_a.jpg 2000w\" sizes=\"(max-width: 1024px) 100vw, 1024px\" \/><figcaption class=\"wp-element-caption\">T\u00f6megv\u00e1zlat a tervezett tet\u0151cser\u00e9vel<\/figcaption><\/figure>\n\n\n\n<figure class=\"wp-block-image aligncenter size-large\"><img loading=\"lazy\" decoding=\"async\" width=\"1024\" height=\"614\" src=\"http:\/\/nemetheva.hu\/wp-content\/uploads\/2024\/10\/3.6-1024x614.jpg\" alt=\"\" class=\"wp-image-108\" srcset=\"https:\/\/nemetheva.hu\/wp-content\/uploads\/2024\/10\/3.6-1024x614.jpg 1024w, https:\/\/nemetheva.hu\/wp-content\/uploads\/2024\/10\/3.6-300x180.jpg 300w, https:\/\/nemetheva.hu\/wp-content\/uploads\/2024\/10\/3.6-768x461.jpg 768w, https:\/\/nemetheva.hu\/wp-content\/uploads\/2024\/10\/3.6-1536x922.jpg 1536w, https:\/\/nemetheva.hu\/wp-content\/uploads\/2024\/10\/3.6.jpg 2000w\" sizes=\"(max-width: 1024px) 100vw, 1024px\" \/><figcaption class=\"wp-element-caption\">L\u00e1tv\u00e1nyterv a tervezett tet\u0151cser\u00e9vel<\/figcaption><\/figure>\n\n\n\n<figure class=\"wp-block-image aligncenter size-full\"><img loading=\"lazy\" decoding=\"async\" width=\"577\" height=\"898\" src=\"http:\/\/nemetheva.hu\/wp-content\/uploads\/2024\/10\/3.7.jpg\" alt=\"\" class=\"wp-image-109\" srcset=\"https:\/\/nemetheva.hu\/wp-content\/uploads\/2024\/10\/3.7.jpg 577w, https:\/\/nemetheva.hu\/wp-content\/uploads\/2024\/10\/3.7-193x300.jpg 193w\" sizes=\"(max-width: 577px) 100vw, 577px\" \/><figcaption class=\"wp-element-caption\">Utcak\u00e9p: megl\u00e9v\u0151 \u00e9s tervezett \u00e9p\u00fclet<\/figcaption><\/figure>\n\n\n\n<figure class=\"wp-block-image aligncenter size-full\"><img loading=\"lazy\" decoding=\"async\" width=\"573\" height=\"897\" src=\"http:\/\/nemetheva.hu\/wp-content\/uploads\/2024\/10\/3.8.jpg\" alt=\"\" class=\"wp-image-110\" srcset=\"https:\/\/nemetheva.hu\/wp-content\/uploads\/2024\/10\/3.8.jpg 573w, https:\/\/nemetheva.hu\/wp-content\/uploads\/2024\/10\/3.8-192x300.jpg 192w\" sizes=\"(max-width: 573px) 100vw, 573px\" \/><figcaption class=\"wp-element-caption\">Utcak\u00e9p: megl\u00e9v\u0151 \u00e9s tervezett \u00e9p\u00fclet<\/figcaption><\/figure>\n\n\n\n<figure class=\"wp-block-image aligncenter size-full\"><img loading=\"lazy\" decoding=\"async\" width=\"574\" height=\"896\" src=\"http:\/\/nemetheva.hu\/wp-content\/uploads\/2024\/10\/3.9.jpg\" alt=\"\" class=\"wp-image-111\" srcset=\"https:\/\/nemetheva.hu\/wp-content\/uploads\/2024\/10\/3.9.jpg 574w, https:\/\/nemetheva.hu\/wp-content\/uploads\/2024\/10\/3.9-192x300.jpg 192w\" sizes=\"(max-width: 574px) 100vw, 574px\" \/><figcaption class=\"wp-element-caption\">Utcak\u00e9p: megl\u00e9v\u0151 \u00e9s tervezett \u00e9p\u00fclet<\/figcaption><\/figure>\n\n\n\n<div class=\"wp-block-columns is-layout-flex wp-container-core-columns-is-layout-1 wp-block-columns-is-layout-flex\">\n<div class=\"wp-block-column is-layout-flow wp-block-column-is-layout-flow\">\n<div class=\"wp-block-buttons is-content-justification-center is-layout-flex wp-container-core-buttons-is-layout-1 wp-block-buttons-is-layout-flex\">\n<div class=\"wp-block-button is-style-outline is-style-outline--c41d041f3edd0734268d0267abc9d84e\"><a class=\"wp-block-button__link wp-element-button\" href=\"http:\/\/nemetheva.hu\/index.php\/p10\/\">El\u0151z\u0151<\/a><\/div>\n<\/div>\n<\/div>\n\n\n\n<div class=\"wp-block-column is-layout-flow wp-block-column-is-layout-flow\">\n<div class=\"wp-block-buttons is-content-justification-center is-layout-flex wp-container-core-buttons-is-layout-2 wp-block-buttons-is-layout-flex\">\n<div class=\"wp-block-button is-style-outline is-style-outline--6d7fe165c514c717df02271e9ada6f0b\"><a class=\"wp-block-button__link wp-element-button\" href=\"http:\/\/nemetheva.hu\">F\u0151oldal<\/a><\/div>\n<\/div>\n<\/div>\n\n\n\n<div class=\"wp-block-column is-layout-flow wp-block-column-is-layout-flow\">\n<div class=\"wp-block-buttons is-content-justification-center is-layout-flex wp-container-core-buttons-is-layout-3 wp-block-buttons-is-layout-flex\">\n<div class=\"wp-block-button is-style-outline is-style-outline--6476a44bf26c74ce8270afdac08ac39a\"><a class=\"wp-block-button__link wp-element-button\" href=\"http:\/\/nemetheva.hu\/index.php\/p12\/\">K\u00f6vetkez\u0151<\/a><\/div>\n<\/div>\n<\/div>\n<\/div>\n\n\n\n<p><\/p>\n","protected":false},"excerpt":{"rendered":"<p>Egy m\u00falt sz\u00e1zad eleji \u00e9p\u00fclet tet\u0151cser\u00e9je a padl\u00e1s b\u0151v\u00edt\u00e9s\u00e9vel, a H\u00c9SZ el\u0151\u00edr\u00e1sai szerinti \u00e9p\u00edt\u00e9si helyen bel\u00fcl (4 m oldalkert elhagy\u00e1s\u00e1val)- a tet\u0151gerinc ir\u00e1ny\u00e1nak megv\u00e1ltoztat\u00e1s\u00e1val<\/p>\n","protected":false},"author":2,"featured_media":0,"parent":0,"menu_order":0,"comment_status":"closed","ping_status":"closed","template":"","meta":{"footnotes":""},"class_list":["post-281","page","type-page","status-publish","hentry"],"_links":{"self":[{"href":"https:\/\/nemetheva.hu\/index.php\/wp-json\/wp\/v2\/pages\/281"}],"collection":[{"href":"https:\/\/nemetheva.hu\/index.php\/wp-json\/wp\/v2\/pages"}],"about":[{"href":"https:\/\/nemetheva.hu\/index.php\/wp-json\/wp\/v2\/types\/page"}],"author":[{"embeddable":true,"href":"https:\/\/nemetheva.hu\/index.php\/wp-json\/wp\/v2\/users\/2"}],"replies":[{"embeddable":true,"href":"https:\/\/nemetheva.hu\/index.php\/wp-json\/wp\/v2\/comments?post=281"}],"version-history":[{"count":10,"href":"https:\/\/nemetheva.hu\/index.php\/wp-json\/wp\/v2\/pages\/281\/revisions"}],"predecessor-version":[{"id":725,"href":"https:\/\/nemetheva.hu\/index.php\/wp-json\/wp\/v2\/pages\/281\/revisions\/725"}],"wp:attachment":[{"href":"https:\/\/nemetheva.hu\/index.php\/wp-json\/wp\/v2\/media?parent=281"}],"curies":[{"name":"wp","href":"https:\/\/api.w.org\/{rel}","templated":true}]}}