{"id":310,"date":"2024-10-05T19:47:16","date_gmt":"2024-10-05T17:47:16","guid":{"rendered":"http:\/\/nemetheva.hu\/?page_id=310"},"modified":"2024-12-13T18:48:42","modified_gmt":"2024-12-13T17:48:42","slug":"putolso","status":"publish","type":"page","link":"https:\/\/nemetheva.hu\/index.php\/putolso\/","title":{"rendered":"18. Diplomaterv &#8211; Modern M\u0171v\u00e9szetek M\u00fazeuma"},"content":{"rendered":"\n<p class=\"has-text-align-left\" style=\"padding-right:var(--wp--preset--spacing--20);padding-left:var(--wp--preset--spacing--20)\">Az al\u00e1bbi \u00e9p\u00fclet komplett tervez\u00e9si \u00e9s kiviteli terveit k\u00e9sz\u00edtettem el diplomatervnek (statik\u00e1val, g\u00e9p\u00e9szettel, kivitelez\u00e9si \u00fctemtervvel stb.)<\/p>\n\n\n\n<figure class=\"wp-block-image aligncenter size-large\"><img fetchpriority=\"high\" decoding=\"async\" width=\"1024\" height=\"744\" src=\"http:\/\/nemetheva.hu\/wp-content\/uploads\/2024\/10\/4.1-Pince-alaprajz-1024x744.jpg\" alt=\"\" class=\"wp-image-112\" srcset=\"https:\/\/nemetheva.hu\/wp-content\/uploads\/2024\/10\/4.1-Pince-alaprajz-1024x744.jpg 1024w, https:\/\/nemetheva.hu\/wp-content\/uploads\/2024\/10\/4.1-Pince-alaprajz-300x218.jpg 300w, https:\/\/nemetheva.hu\/wp-content\/uploads\/2024\/10\/4.1-Pince-alaprajz-768x558.jpg 768w, https:\/\/nemetheva.hu\/wp-content\/uploads\/2024\/10\/4.1-Pince-alaprajz.jpg 1114w\" sizes=\"(max-width: 1024px) 100vw, 1024px\" \/><figcaption class=\"wp-element-caption\">Pince alaprajz<\/figcaption><\/figure>\n\n\n\n<figure class=\"wp-block-image aligncenter size-large\"><img decoding=\"async\" width=\"1024\" height=\"749\" src=\"http:\/\/nemetheva.hu\/wp-content\/uploads\/2024\/10\/4.2-Foldszinti-alaprajz-1024x749.jpg\" alt=\"\" class=\"wp-image-113\" srcset=\"https:\/\/nemetheva.hu\/wp-content\/uploads\/2024\/10\/4.2-Foldszinti-alaprajz-1024x749.jpg 1024w, https:\/\/nemetheva.hu\/wp-content\/uploads\/2024\/10\/4.2-Foldszinti-alaprajz-300x219.jpg 300w, https:\/\/nemetheva.hu\/wp-content\/uploads\/2024\/10\/4.2-Foldszinti-alaprajz-768x562.jpg 768w, https:\/\/nemetheva.hu\/wp-content\/uploads\/2024\/10\/4.2-Foldszinti-alaprajz.jpg 1114w\" sizes=\"(max-width: 1024px) 100vw, 1024px\" \/><figcaption class=\"wp-element-caption\">F\u00f6ldszinti alaprajz<\/figcaption><\/figure>\n\n\n\n<figure class=\"wp-block-image aligncenter size-large\"><img decoding=\"async\" width=\"1024\" height=\"744\" src=\"http:\/\/nemetheva.hu\/wp-content\/uploads\/2024\/10\/4.3-Emeleti-alaprajz-1024x744.jpg\" alt=\"\" class=\"wp-image-114\" srcset=\"https:\/\/nemetheva.hu\/wp-content\/uploads\/2024\/10\/4.3-Emeleti-alaprajz-1024x744.jpg 1024w, https:\/\/nemetheva.hu\/wp-content\/uploads\/2024\/10\/4.3-Emeleti-alaprajz-300x218.jpg 300w, https:\/\/nemetheva.hu\/wp-content\/uploads\/2024\/10\/4.3-Emeleti-alaprajz-768x558.jpg 768w, https:\/\/nemetheva.hu\/wp-content\/uploads\/2024\/10\/4.3-Emeleti-alaprajz.jpg 1114w\" sizes=\"(max-width: 1024px) 100vw, 1024px\" \/><figcaption class=\"wp-element-caption\">Emeleti alaprajz<\/figcaption><\/figure>\n\n\n\n<figure class=\"wp-block-image aligncenter size-large\"><img loading=\"lazy\" decoding=\"async\" width=\"1024\" height=\"614\" src=\"http:\/\/nemetheva.hu\/wp-content\/uploads\/2024\/10\/4.5.1-1024x614.jpg\" alt=\"\" class=\"wp-image-225\" srcset=\"https:\/\/nemetheva.hu\/wp-content\/uploads\/2024\/10\/4.5.1-1024x614.jpg 1024w, https:\/\/nemetheva.hu\/wp-content\/uploads\/2024\/10\/4.5.1-300x180.jpg 300w, https:\/\/nemetheva.hu\/wp-content\/uploads\/2024\/10\/4.5.1-768x460.jpg 768w, https:\/\/nemetheva.hu\/wp-content\/uploads\/2024\/10\/4.5.1-1536x921.jpg 1536w, https:\/\/nemetheva.hu\/wp-content\/uploads\/2024\/10\/4.5.1.jpg 2000w\" sizes=\"(max-width: 1024px) 100vw, 1024px\" \/><\/figure>\n\n\n\n<figure class=\"wp-block-image aligncenter size-large\"><img loading=\"lazy\" decoding=\"async\" width=\"1024\" height=\"614\" src=\"http:\/\/nemetheva.hu\/wp-content\/uploads\/2024\/10\/4.4.1-1024x614.jpg\" alt=\"\" class=\"wp-image-224\" srcset=\"https:\/\/nemetheva.hu\/wp-content\/uploads\/2024\/10\/4.4.1-1024x614.jpg 1024w, https:\/\/nemetheva.hu\/wp-content\/uploads\/2024\/10\/4.4.1-300x180.jpg 300w, https:\/\/nemetheva.hu\/wp-content\/uploads\/2024\/10\/4.4.1-768x461.jpg 768w, https:\/\/nemetheva.hu\/wp-content\/uploads\/2024\/10\/4.4.1-1536x922.jpg 1536w, https:\/\/nemetheva.hu\/wp-content\/uploads\/2024\/10\/4.4.1.jpg 2000w\" sizes=\"(max-width: 1024px) 100vw, 1024px\" \/><\/figure>\n\n\n\n<figure class=\"wp-block-image aligncenter size-large\"><img loading=\"lazy\" decoding=\"async\" width=\"1024\" height=\"614\" src=\"http:\/\/nemetheva.hu\/wp-content\/uploads\/2024\/10\/4.6.1-1024x614.jpg\" alt=\"\" class=\"wp-image-228\" srcset=\"https:\/\/nemetheva.hu\/wp-content\/uploads\/2024\/10\/4.6.1-1024x614.jpg 1024w, https:\/\/nemetheva.hu\/wp-content\/uploads\/2024\/10\/4.6.1-300x180.jpg 300w, https:\/\/nemetheva.hu\/wp-content\/uploads\/2024\/10\/4.6.1-768x461.jpg 768w, https:\/\/nemetheva.hu\/wp-content\/uploads\/2024\/10\/4.6.1-1536x922.jpg 1536w, https:\/\/nemetheva.hu\/wp-content\/uploads\/2024\/10\/4.6.1.jpg 2000w\" sizes=\"(max-width: 1024px) 100vw, 1024px\" \/><\/figure>\n\n\n\n<figure class=\"wp-block-image aligncenter size-large\"><img loading=\"lazy\" decoding=\"async\" width=\"1024\" height=\"614\" src=\"http:\/\/nemetheva.hu\/wp-content\/uploads\/2024\/10\/4.7.1-1024x614.jpg\" alt=\"\" class=\"wp-image-229\" srcset=\"https:\/\/nemetheva.hu\/wp-content\/uploads\/2024\/10\/4.7.1-1024x614.jpg 1024w, https:\/\/nemetheva.hu\/wp-content\/uploads\/2024\/10\/4.7.1-300x180.jpg 300w, https:\/\/nemetheva.hu\/wp-content\/uploads\/2024\/10\/4.7.1-768x461.jpg 768w, https:\/\/nemetheva.hu\/wp-content\/uploads\/2024\/10\/4.7.1-1536x922.jpg 1536w, https:\/\/nemetheva.hu\/wp-content\/uploads\/2024\/10\/4.7.1.jpg 2000w\" sizes=\"(max-width: 1024px) 100vw, 1024px\" \/><\/figure>\n\n\n\n<div class=\"wp-block-columns is-layout-flex wp-container-core-columns-is-layout-1 wp-block-columns-is-layout-flex\">\n<div class=\"wp-block-column is-layout-flow wp-block-column-is-layout-flow\">\n<div class=\"wp-block-buttons is-content-justification-center is-layout-flex wp-container-core-buttons-is-layout-1 wp-block-buttons-is-layout-flex\">\n<div class=\"wp-block-button is-style-outline is-style-outline--f39d5fd625c87ce0e7fdbb489009d097\"><a class=\"wp-block-button__link wp-element-button\" href=\"http:\/\/nemetheva.hu\/index.php\/p17\/\">El\u0151z\u0151<\/a><\/div>\n<\/div>\n<\/div>\n\n\n\n<div class=\"wp-block-column is-layout-flow wp-block-column-is-layout-flow\">\n<div class=\"wp-block-buttons is-content-justification-center is-layout-flex wp-container-core-buttons-is-layout-2 wp-block-buttons-is-layout-flex\">\n<div class=\"wp-block-button is-style-outline is-style-outline--6d7fe165c514c717df02271e9ada6f0b\"><a class=\"wp-block-button__link wp-element-button\" href=\"http:\/\/nemetheva.hu\">F\u0151oldal<\/a><\/div>\n<\/div>\n<\/div>\n\n\n\n<div class=\"wp-block-column is-layout-flow wp-block-column-is-layout-flow\">\n<div class=\"wp-block-buttons is-content-justification-center is-layout-flex wp-container-core-buttons-is-layout-3 wp-block-buttons-is-layout-flex\">\n<div class=\"wp-block-button is-style-outline is-style-outline--9e097f2a6d76da7ae4ef0d1455265750\"><a class=\"wp-block-button__link wp-element-button\" href=\"http:\/\/nemetheva.hu\/index.php\/p1\/\">K\u00f6vetkez\u0151<\/a><\/div>\n<\/div>\n<\/div>\n<\/div>\n\n\n\n<p><\/p>\n","protected":false},"excerpt":{"rendered":"<p>Az al\u00e1bbi \u00e9p\u00fclet komplett tervez\u00e9si \u00e9s kiviteli terveit k\u00e9sz\u00edtettem el diplomatervnek (statik\u00e1val, g\u00e9p\u00e9szettel, kivitelez\u00e9si \u00fctemtervvel stb.)<\/p>\n","protected":false},"author":2,"featured_media":0,"parent":0,"menu_order":0,"comment_status":"closed","ping_status":"closed","template":"","meta":{"footnotes":""},"class_list":["post-310","page","type-page","status-publish","hentry"],"_links":{"self":[{"href":"https:\/\/nemetheva.hu\/index.php\/wp-json\/wp\/v2\/pages\/310"}],"collection":[{"href":"https:\/\/nemetheva.hu\/index.php\/wp-json\/wp\/v2\/pages"}],"about":[{"href":"https:\/\/nemetheva.hu\/index.php\/wp-json\/wp\/v2\/types\/page"}],"author":[{"embeddable":true,"href":"https:\/\/nemetheva.hu\/index.php\/wp-json\/wp\/v2\/users\/2"}],"replies":[{"embeddable":true,"href":"https:\/\/nemetheva.hu\/index.php\/wp-json\/wp\/v2\/comments?post=310"}],"version-history":[{"count":11,"href":"https:\/\/nemetheva.hu\/index.php\/wp-json\/wp\/v2\/pages\/310\/revisions"}],"predecessor-version":[{"id":727,"href":"https:\/\/nemetheva.hu\/index.php\/wp-json\/wp\/v2\/pages\/310\/revisions\/727"}],"wp:attachment":[{"href":"https:\/\/nemetheva.hu\/index.php\/wp-json\/wp\/v2\/media?parent=310"}],"curies":[{"name":"wp","href":"https:\/\/api.w.org\/{rel}","templated":true}]}}