{"id":318,"date":"2024-10-05T20:01:06","date_gmt":"2024-10-05T18:01:06","guid":{"rendered":"http:\/\/nemetheva.hu\/?page_id=318"},"modified":"2024-12-13T18:51:31","modified_gmt":"2024-12-13T17:51:31","slug":"p16","status":"publish","type":"page","link":"https:\/\/nemetheva.hu\/index.php\/p16\/","title":{"rendered":"16. M\u0171eml\u00e9ki jelent\u0151s\u00e9g\u0171 ter\u00fcleten &#8211; homlokzatfel\u00faj\u00edt\u00e1s fot\u00f3kkal"},"content":{"rendered":"\n<figure class=\"wp-block-image aligncenter size-large\"><img fetchpriority=\"high\" decoding=\"async\" width=\"1024\" height=\"681\" src=\"http:\/\/nemetheva.hu\/wp-content\/uploads\/2024\/10\/5.1-1024x681.jpg\" alt=\"\" class=\"wp-image-121\" srcset=\"https:\/\/nemetheva.hu\/wp-content\/uploads\/2024\/10\/5.1-1024x681.jpg 1024w, https:\/\/nemetheva.hu\/wp-content\/uploads\/2024\/10\/5.1-300x199.jpg 300w, https:\/\/nemetheva.hu\/wp-content\/uploads\/2024\/10\/5.1-768x511.jpg 768w, https:\/\/nemetheva.hu\/wp-content\/uploads\/2024\/10\/5.1.jpg 1140w\" sizes=\"(max-width: 1024px) 100vw, 1024px\" \/><figcaption class=\"wp-element-caption\">Fel\u00faj\u00edt\u00e1s el\u0151tti fot\u00f3<\/figcaption><\/figure>\n\n\n\n<figure class=\"wp-block-image aligncenter size-large\"><img decoding=\"async\" width=\"1024\" height=\"577\" src=\"http:\/\/nemetheva.hu\/wp-content\/uploads\/2024\/10\/5.2-1024x577.jpg\" alt=\"\" class=\"wp-image-122\" srcset=\"https:\/\/nemetheva.hu\/wp-content\/uploads\/2024\/10\/5.2-1024x577.jpg 1024w, https:\/\/nemetheva.hu\/wp-content\/uploads\/2024\/10\/5.2-300x169.jpg 300w, https:\/\/nemetheva.hu\/wp-content\/uploads\/2024\/10\/5.2-768x432.jpg 768w, https:\/\/nemetheva.hu\/wp-content\/uploads\/2024\/10\/5.2-1536x865.jpg 1536w, https:\/\/nemetheva.hu\/wp-content\/uploads\/2024\/10\/5.2-2048x1153.jpg 2048w\" sizes=\"(max-width: 1024px) 100vw, 1024px\" \/><figcaption class=\"wp-element-caption\">Fel\u00faj\u00edt\u00e1s ut\u00e1ni fot\u00f3<\/figcaption><\/figure>\n\n\n\n<figure class=\"wp-block-image aligncenter size-large\"><img decoding=\"async\" width=\"1024\" height=\"681\" src=\"http:\/\/nemetheva.hu\/wp-content\/uploads\/2024\/10\/5.3-1024x681.jpg\" alt=\"\" class=\"wp-image-125\" srcset=\"https:\/\/nemetheva.hu\/wp-content\/uploads\/2024\/10\/5.3-1024x681.jpg 1024w, https:\/\/nemetheva.hu\/wp-content\/uploads\/2024\/10\/5.3-300x200.jpg 300w, https:\/\/nemetheva.hu\/wp-content\/uploads\/2024\/10\/5.3-768x511.jpg 768w, https:\/\/nemetheva.hu\/wp-content\/uploads\/2024\/10\/5.3-1536x1021.jpg 1536w, https:\/\/nemetheva.hu\/wp-content\/uploads\/2024\/10\/5.3.jpg 2000w\" sizes=\"(max-width: 1024px) 100vw, 1024px\" \/><figcaption class=\"wp-element-caption\">Fel\u00faj\u00edt\u00e1s el\u0151tti fot\u00f3<\/figcaption><\/figure>\n\n\n\n<figure class=\"wp-block-image aligncenter size-large\"><img loading=\"lazy\" decoding=\"async\" width=\"1024\" height=\"577\" src=\"http:\/\/nemetheva.hu\/wp-content\/uploads\/2024\/10\/5.4-1024x577.jpg\" alt=\"\" class=\"wp-image-126\" srcset=\"https:\/\/nemetheva.hu\/wp-content\/uploads\/2024\/10\/5.4-1024x577.jpg 1024w, https:\/\/nemetheva.hu\/wp-content\/uploads\/2024\/10\/5.4-300x169.jpg 300w, https:\/\/nemetheva.hu\/wp-content\/uploads\/2024\/10\/5.4-768x432.jpg 768w, https:\/\/nemetheva.hu\/wp-content\/uploads\/2024\/10\/5.4-1536x865.jpg 1536w, https:\/\/nemetheva.hu\/wp-content\/uploads\/2024\/10\/5.4-2048x1153.jpg 2048w\" sizes=\"(max-width: 1024px) 100vw, 1024px\" \/><figcaption class=\"wp-element-caption\">Fel\u00faj\u00edt\u00e1s ut\u00e1ni fot\u00f3<\/figcaption><\/figure>\n\n\n\n<figure class=\"wp-block-image aligncenter size-large\"><img loading=\"lazy\" decoding=\"async\" width=\"1024\" height=\"681\" src=\"http:\/\/nemetheva.hu\/wp-content\/uploads\/2024\/10\/5.5-1024x681.jpg\" alt=\"\" class=\"wp-image-127\" srcset=\"https:\/\/nemetheva.hu\/wp-content\/uploads\/2024\/10\/5.5-1024x681.jpg 1024w, https:\/\/nemetheva.hu\/wp-content\/uploads\/2024\/10\/5.5-300x200.jpg 300w, https:\/\/nemetheva.hu\/wp-content\/uploads\/2024\/10\/5.5-768x511.jpg 768w, https:\/\/nemetheva.hu\/wp-content\/uploads\/2024\/10\/5.5-1536x1021.jpg 1536w, https:\/\/nemetheva.hu\/wp-content\/uploads\/2024\/10\/5.5.jpg 2000w\" sizes=\"(max-width: 1024px) 100vw, 1024px\" \/><figcaption class=\"wp-element-caption\">Fel\u00faj\u00edt\u00e1s el\u0151tti fot\u00f3<\/figcaption><\/figure>\n\n\n\n<figure class=\"wp-block-image aligncenter size-large\"><img loading=\"lazy\" decoding=\"async\" width=\"1024\" height=\"577\" src=\"http:\/\/nemetheva.hu\/wp-content\/uploads\/2024\/10\/5.6-1024x577.jpg\" alt=\"\" class=\"wp-image-128\" srcset=\"https:\/\/nemetheva.hu\/wp-content\/uploads\/2024\/10\/5.6-1024x577.jpg 1024w, https:\/\/nemetheva.hu\/wp-content\/uploads\/2024\/10\/5.6-300x169.jpg 300w, https:\/\/nemetheva.hu\/wp-content\/uploads\/2024\/10\/5.6-768x433.jpg 768w, https:\/\/nemetheva.hu\/wp-content\/uploads\/2024\/10\/5.6-1536x865.jpg 1536w, https:\/\/nemetheva.hu\/wp-content\/uploads\/2024\/10\/5.6-2048x1154.jpg 2048w\" sizes=\"(max-width: 1024px) 100vw, 1024px\" \/><figcaption class=\"wp-element-caption\">Fel\u00faj\u00edt\u00e1s ut\u00e1ni fot\u00f3<\/figcaption><\/figure>\n\n\n\n<figure class=\"wp-block-image aligncenter size-large\"><img loading=\"lazy\" decoding=\"async\" width=\"1024\" height=\"654\" src=\"http:\/\/nemetheva.hu\/wp-content\/uploads\/2024\/10\/5.7-1024x654.jpg\" alt=\"\" class=\"wp-image-129\" srcset=\"https:\/\/nemetheva.hu\/wp-content\/uploads\/2024\/10\/5.7-1024x654.jpg 1024w, https:\/\/nemetheva.hu\/wp-content\/uploads\/2024\/10\/5.7-300x192.jpg 300w, https:\/\/nemetheva.hu\/wp-content\/uploads\/2024\/10\/5.7-768x491.jpg 768w, https:\/\/nemetheva.hu\/wp-content\/uploads\/2024\/10\/5.7.jpg 1238w\" sizes=\"(max-width: 1024px) 100vw, 1024px\" \/><figcaption class=\"wp-element-caption\">Fel\u00faj\u00edt\u00e1s el\u0151tti fot\u00f3 (google)<\/figcaption><\/figure>\n\n\n\n<figure class=\"wp-block-image aligncenter size-large\"><img loading=\"lazy\" decoding=\"async\" width=\"1024\" height=\"577\" src=\"http:\/\/nemetheva.hu\/wp-content\/uploads\/2024\/10\/5.8-1024x577.jpg\" alt=\"\" class=\"wp-image-130\" srcset=\"https:\/\/nemetheva.hu\/wp-content\/uploads\/2024\/10\/5.8-1024x577.jpg 1024w, https:\/\/nemetheva.hu\/wp-content\/uploads\/2024\/10\/5.8-300x169.jpg 300w, https:\/\/nemetheva.hu\/wp-content\/uploads\/2024\/10\/5.8-768x432.jpg 768w, https:\/\/nemetheva.hu\/wp-content\/uploads\/2024\/10\/5.8-1536x865.jpg 1536w, https:\/\/nemetheva.hu\/wp-content\/uploads\/2024\/10\/5.8-2048x1153.jpg 2048w\" sizes=\"(max-width: 1024px) 100vw, 1024px\" \/><figcaption class=\"wp-element-caption\">Fel\u00faj\u00edt\u00e1s ut\u00e1ni fot\u00f3<\/figcaption><\/figure>\n\n\n\n<div class=\"wp-block-columns is-layout-flex wp-container-core-columns-is-layout-1 wp-block-columns-is-layout-flex\">\n<div class=\"wp-block-column is-layout-flow wp-block-column-is-layout-flow\">\n<div class=\"wp-block-buttons is-content-justification-center is-layout-flex wp-container-core-buttons-is-layout-1 wp-block-buttons-is-layout-flex\">\n<div class=\"wp-block-button is-style-outline is-style-outline--b62bcb89e5c49a75178a989bf0dc79aa\"><a class=\"wp-block-button__link wp-element-button\" href=\"http:\/\/nemetheva.hu\/index.php\/p15\/\">El\u0151z\u0151<\/a><\/div>\n<\/div>\n<\/div>\n\n\n\n<div class=\"wp-block-column is-layout-flow wp-block-column-is-layout-flow\">\n<div class=\"wp-block-buttons is-content-justification-center is-layout-flex wp-container-core-buttons-is-layout-2 wp-block-buttons-is-layout-flex\">\n<div class=\"wp-block-button is-style-outline is-style-outline--6d7fe165c514c717df02271e9ada6f0b\"><a class=\"wp-block-button__link wp-element-button\" href=\"http:\/\/nemetheva.hu\">F\u0151oldal<\/a><\/div>\n<\/div>\n<\/div>\n\n\n\n<div class=\"wp-block-column is-layout-flow wp-block-column-is-layout-flow\">\n<div class=\"wp-block-buttons is-content-justification-center is-layout-flex wp-container-core-buttons-is-layout-3 wp-block-buttons-is-layout-flex\">\n<div class=\"wp-block-button is-style-outline is-style-outline--512a06fd7bde2e038cbcce371472b95d\"><a class=\"wp-block-button__link wp-element-button\" href=\"http:\/\/nemetheva.hu\/index.php\/p17\/\">K\u00f6vetkez\u0151<\/a><\/div>\n<\/div>\n<\/div>\n<\/div>\n\n\n\n<p><\/p>\n","protected":false},"excerpt":{"rendered":"","protected":false},"author":2,"featured_media":0,"parent":0,"menu_order":0,"comment_status":"closed","ping_status":"closed","template":"","meta":{"footnotes":""},"class_list":["post-318","page","type-page","status-publish","hentry"],"_links":{"self":[{"href":"https:\/\/nemetheva.hu\/index.php\/wp-json\/wp\/v2\/pages\/318"}],"collection":[{"href":"https:\/\/nemetheva.hu\/index.php\/wp-json\/wp\/v2\/pages"}],"about":[{"href":"https:\/\/nemetheva.hu\/index.php\/wp-json\/wp\/v2\/types\/page"}],"author":[{"embeddable":true,"href":"https:\/\/nemetheva.hu\/index.php\/wp-json\/wp\/v2\/users\/2"}],"replies":[{"embeddable":true,"href":"https:\/\/nemetheva.hu\/index.php\/wp-json\/wp\/v2\/comments?post=318"}],"version-history":[{"count":6,"href":"https:\/\/nemetheva.hu\/index.php\/wp-json\/wp\/v2\/pages\/318\/revisions"}],"predecessor-version":[{"id":732,"href":"https:\/\/nemetheva.hu\/index.php\/wp-json\/wp\/v2\/pages\/318\/revisions\/732"}],"wp:attachment":[{"href":"https:\/\/nemetheva.hu\/index.php\/wp-json\/wp\/v2\/media?parent=318"}],"curies":[{"name":"wp","href":"https:\/\/api.w.org\/{rel}","templated":true}]}}