{"id":334,"date":"2024-10-07T12:14:05","date_gmt":"2024-10-07T10:14:05","guid":{"rendered":"http:\/\/nemetheva.hu\/?page_id=334"},"modified":"2024-12-13T18:51:02","modified_gmt":"2024-12-13T17:51:02","slug":"p4","status":"publish","type":"page","link":"https:\/\/nemetheva.hu\/index.php\/p4\/","title":{"rendered":"4. Fert\u0151-t\u00e1j Vil\u00e1g\u00f6r\u00f6ks\u00e9g ter\u00fclet\u00e9n, T\u0171zolt\u00f3 szert\u00e1r tervez\u00e9se"},"content":{"rendered":"\n<p class=\"has-text-align-left\" style=\"padding-right:var(--wp--preset--spacing--20);padding-left:var(--wp--preset--spacing--20)\">A feladat a helyi t\u0171zolt\u00f3k \u00f6nzetlen szolg\u00e1lat\u00e1t ell\u00e1t\u00f3 \u00e9s kiszolg\u00e1l\u00f3 \u00e9p\u00fcletegy\u00fcttes volt, t\u00f6ml\u0151sz\u00e1r\u00edt\u00f3 \u00e9s gyakorlatoz\u00f3 toronnyal.<\/p>\n\n\n\n<figure class=\"wp-block-image aligncenter size-large\"><img fetchpriority=\"high\" decoding=\"async\" width=\"1024\" height=\"614\" src=\"http:\/\/nemetheva.hu\/wp-content\/uploads\/2024\/10\/7.1_a-1024x614.jpg\" alt=\"\" class=\"wp-image-137\" srcset=\"https:\/\/nemetheva.hu\/wp-content\/uploads\/2024\/10\/7.1_a-1024x614.jpg 1024w, https:\/\/nemetheva.hu\/wp-content\/uploads\/2024\/10\/7.1_a-300x180.jpg 300w, https:\/\/nemetheva.hu\/wp-content\/uploads\/2024\/10\/7.1_a-768x461.jpg 768w, https:\/\/nemetheva.hu\/wp-content\/uploads\/2024\/10\/7.1_a-1536x922.jpg 1536w, https:\/\/nemetheva.hu\/wp-content\/uploads\/2024\/10\/7.1_a.jpg 2000w\" sizes=\"(max-width: 1024px) 100vw, 1024px\" \/><\/figure>\n\n\n\n<figure class=\"wp-block-image aligncenter size-large\"><img decoding=\"async\" width=\"1024\" height=\"614\" src=\"http:\/\/nemetheva.hu\/wp-content\/uploads\/2024\/10\/7.2-1024x614.jpg\" alt=\"\" class=\"wp-image-139\" srcset=\"https:\/\/nemetheva.hu\/wp-content\/uploads\/2024\/10\/7.2-1024x614.jpg 1024w, https:\/\/nemetheva.hu\/wp-content\/uploads\/2024\/10\/7.2-300x180.jpg 300w, https:\/\/nemetheva.hu\/wp-content\/uploads\/2024\/10\/7.2-768x461.jpg 768w, https:\/\/nemetheva.hu\/wp-content\/uploads\/2024\/10\/7.2-1536x922.jpg 1536w, https:\/\/nemetheva.hu\/wp-content\/uploads\/2024\/10\/7.2.jpg 2000w\" sizes=\"(max-width: 1024px) 100vw, 1024px\" \/><\/figure>\n\n\n\n<figure class=\"wp-block-image aligncenter size-large\"><img decoding=\"async\" width=\"1024\" height=\"614\" src=\"http:\/\/nemetheva.hu\/wp-content\/uploads\/2024\/10\/7.3-1024x614.jpg\" alt=\"\" class=\"wp-image-140\" srcset=\"https:\/\/nemetheva.hu\/wp-content\/uploads\/2024\/10\/7.3-1024x614.jpg 1024w, https:\/\/nemetheva.hu\/wp-content\/uploads\/2024\/10\/7.3-300x180.jpg 300w, https:\/\/nemetheva.hu\/wp-content\/uploads\/2024\/10\/7.3-768x461.jpg 768w, https:\/\/nemetheva.hu\/wp-content\/uploads\/2024\/10\/7.3-1536x922.jpg 1536w, https:\/\/nemetheva.hu\/wp-content\/uploads\/2024\/10\/7.3.jpg 2000w\" sizes=\"(max-width: 1024px) 100vw, 1024px\" \/><\/figure>\n\n\n\n<figure class=\"wp-block-image aligncenter size-large\"><img loading=\"lazy\" decoding=\"async\" width=\"1024\" height=\"614\" src=\"http:\/\/nemetheva.hu\/wp-content\/uploads\/2024\/10\/7.4-1024x614.jpg\" alt=\"\" class=\"wp-image-141\" srcset=\"https:\/\/nemetheva.hu\/wp-content\/uploads\/2024\/10\/7.4-1024x614.jpg 1024w, https:\/\/nemetheva.hu\/wp-content\/uploads\/2024\/10\/7.4-300x180.jpg 300w, https:\/\/nemetheva.hu\/wp-content\/uploads\/2024\/10\/7.4-768x461.jpg 768w, https:\/\/nemetheva.hu\/wp-content\/uploads\/2024\/10\/7.4-1536x922.jpg 1536w, https:\/\/nemetheva.hu\/wp-content\/uploads\/2024\/10\/7.4.jpg 2000w\" sizes=\"(max-width: 1024px) 100vw, 1024px\" \/><\/figure>\n\n\n\n<figure class=\"wp-block-image aligncenter size-large\"><img loading=\"lazy\" decoding=\"async\" width=\"1024\" height=\"614\" src=\"http:\/\/nemetheva.hu\/wp-content\/uploads\/2024\/10\/7.5-1024x614.jpg\" alt=\"\" class=\"wp-image-142\" srcset=\"https:\/\/nemetheva.hu\/wp-content\/uploads\/2024\/10\/7.5-1024x614.jpg 1024w, https:\/\/nemetheva.hu\/wp-content\/uploads\/2024\/10\/7.5-300x180.jpg 300w, https:\/\/nemetheva.hu\/wp-content\/uploads\/2024\/10\/7.5-768x461.jpg 768w, https:\/\/nemetheva.hu\/wp-content\/uploads\/2024\/10\/7.5-1536x922.jpg 1536w, https:\/\/nemetheva.hu\/wp-content\/uploads\/2024\/10\/7.5.jpg 2000w\" sizes=\"(max-width: 1024px) 100vw, 1024px\" \/><\/figure>\n\n\n\n<figure class=\"wp-block-image aligncenter size-large\"><img loading=\"lazy\" decoding=\"async\" width=\"1024\" height=\"614\" src=\"http:\/\/nemetheva.hu\/wp-content\/uploads\/2024\/10\/7.6-1024x614.jpg\" alt=\"\" class=\"wp-image-143\" srcset=\"https:\/\/nemetheva.hu\/wp-content\/uploads\/2024\/10\/7.6-1024x614.jpg 1024w, https:\/\/nemetheva.hu\/wp-content\/uploads\/2024\/10\/7.6-300x180.jpg 300w, https:\/\/nemetheva.hu\/wp-content\/uploads\/2024\/10\/7.6-768x461.jpg 768w, https:\/\/nemetheva.hu\/wp-content\/uploads\/2024\/10\/7.6-1536x922.jpg 1536w, https:\/\/nemetheva.hu\/wp-content\/uploads\/2024\/10\/7.6.jpg 2000w\" sizes=\"(max-width: 1024px) 100vw, 1024px\" \/><\/figure>\n\n\n\n<figure class=\"wp-block-image aligncenter size-large\"><img loading=\"lazy\" decoding=\"async\" width=\"1024\" height=\"614\" src=\"http:\/\/nemetheva.hu\/wp-content\/uploads\/2024\/10\/7.7-1024x614.jpg\" alt=\"\" class=\"wp-image-144\" srcset=\"https:\/\/nemetheva.hu\/wp-content\/uploads\/2024\/10\/7.7-1024x614.jpg 1024w, https:\/\/nemetheva.hu\/wp-content\/uploads\/2024\/10\/7.7-300x180.jpg 300w, https:\/\/nemetheva.hu\/wp-content\/uploads\/2024\/10\/7.7-768x461.jpg 768w, https:\/\/nemetheva.hu\/wp-content\/uploads\/2024\/10\/7.7-1536x922.jpg 1536w, https:\/\/nemetheva.hu\/wp-content\/uploads\/2024\/10\/7.7.jpg 2000w\" sizes=\"(max-width: 1024px) 100vw, 1024px\" \/><\/figure>\n\n\n\n<figure class=\"wp-block-image aligncenter size-large\"><img loading=\"lazy\" decoding=\"async\" width=\"1024\" height=\"614\" src=\"http:\/\/nemetheva.hu\/wp-content\/uploads\/2024\/10\/7.8-1024x614.jpg\" alt=\"\" class=\"wp-image-145\" srcset=\"https:\/\/nemetheva.hu\/wp-content\/uploads\/2024\/10\/7.8-1024x614.jpg 1024w, https:\/\/nemetheva.hu\/wp-content\/uploads\/2024\/10\/7.8-300x180.jpg 300w, https:\/\/nemetheva.hu\/wp-content\/uploads\/2024\/10\/7.8-768x461.jpg 768w, https:\/\/nemetheva.hu\/wp-content\/uploads\/2024\/10\/7.8-1536x922.jpg 1536w, https:\/\/nemetheva.hu\/wp-content\/uploads\/2024\/10\/7.8.jpg 2000w\" sizes=\"(max-width: 1024px) 100vw, 1024px\" \/><\/figure>\n\n\n\n<figure class=\"wp-block-image aligncenter size-large\"><img loading=\"lazy\" decoding=\"async\" width=\"1024\" height=\"614\" src=\"http:\/\/nemetheva.hu\/wp-content\/uploads\/2024\/10\/7.9-1024x614.jpg\" alt=\"\" class=\"wp-image-146\" srcset=\"https:\/\/nemetheva.hu\/wp-content\/uploads\/2024\/10\/7.9-1024x614.jpg 1024w, https:\/\/nemetheva.hu\/wp-content\/uploads\/2024\/10\/7.9-300x180.jpg 300w, https:\/\/nemetheva.hu\/wp-content\/uploads\/2024\/10\/7.9-768x461.jpg 768w, https:\/\/nemetheva.hu\/wp-content\/uploads\/2024\/10\/7.9-1536x922.jpg 1536w, https:\/\/nemetheva.hu\/wp-content\/uploads\/2024\/10\/7.9.jpg 2000w\" sizes=\"(max-width: 1024px) 100vw, 1024px\" \/><\/figure>\n\n\n\n<figure class=\"wp-block-image aligncenter size-large\"><img loading=\"lazy\" decoding=\"async\" width=\"1024\" height=\"614\" src=\"http:\/\/nemetheva.hu\/wp-content\/uploads\/2024\/10\/7.10-1024x614.jpg\" alt=\"\" class=\"wp-image-147\" srcset=\"https:\/\/nemetheva.hu\/wp-content\/uploads\/2024\/10\/7.10-1024x614.jpg 1024w, https:\/\/nemetheva.hu\/wp-content\/uploads\/2024\/10\/7.10-300x180.jpg 300w, https:\/\/nemetheva.hu\/wp-content\/uploads\/2024\/10\/7.10-768x461.jpg 768w, https:\/\/nemetheva.hu\/wp-content\/uploads\/2024\/10\/7.10-1536x922.jpg 1536w, https:\/\/nemetheva.hu\/wp-content\/uploads\/2024\/10\/7.10.jpg 2000w\" sizes=\"(max-width: 1024px) 100vw, 1024px\" \/><\/figure>\n\n\n\n<div class=\"wp-block-columns is-layout-flex wp-container-core-columns-is-layout-1 wp-block-columns-is-layout-flex\">\n<div class=\"wp-block-column is-layout-flow wp-block-column-is-layout-flow\">\n<div class=\"wp-block-buttons is-content-justification-center is-layout-flex wp-container-core-buttons-is-layout-1 wp-block-buttons-is-layout-flex\">\n<div class=\"wp-block-button is-style-outline is-style-outline--3d8fb043f8a842defd85270b49c5f51b\"><a class=\"wp-block-button__link wp-element-button\" href=\"http:\/\/nemetheva.hu\/index.php\/p3\/\">El\u0151z\u0151<\/a><\/div>\n<\/div>\n<\/div>\n\n\n\n<div class=\"wp-block-column is-layout-flow wp-block-column-is-layout-flow\">\n<div class=\"wp-block-buttons is-content-justification-center is-layout-flex wp-container-core-buttons-is-layout-2 wp-block-buttons-is-layout-flex\">\n<div class=\"wp-block-button is-style-outline is-style-outline--6d7fe165c514c717df02271e9ada6f0b\"><a class=\"wp-block-button__link wp-element-button\" href=\"http:\/\/nemetheva.hu\">F\u0151oldal<\/a><\/div>\n<\/div>\n<\/div>\n\n\n\n<div class=\"wp-block-column is-layout-flow wp-block-column-is-layout-flow\">\n<div class=\"wp-block-buttons is-content-justification-center is-layout-flex wp-container-core-buttons-is-layout-3 wp-block-buttons-is-layout-flex\">\n<div class=\"wp-block-button is-style-outline is-style-outline--672814f20a3a0873065a541868a1ddd8\"><a class=\"wp-block-button__link wp-element-button\" href=\"http:\/\/nemetheva.hu\/index.php\/p5\/\">K\u00f6vetkez\u0151<\/a><\/div>\n<\/div>\n<\/div>\n<\/div>\n\n\n\n<p><\/p>\n","protected":false},"excerpt":{"rendered":"<p>A feladat a helyi t\u0171zolt\u00f3k \u00f6nzetlen szolg\u00e1lat\u00e1t ell\u00e1t\u00f3 \u00e9s kiszolg\u00e1l\u00f3 \u00e9p\u00fcletegy\u00fcttes volt, t\u00f6ml\u0151sz\u00e1r\u00edt\u00f3 \u00e9s gyakorlatoz\u00f3 toronnyal.<\/p>\n","protected":false},"author":2,"featured_media":0,"parent":0,"menu_order":0,"comment_status":"closed","ping_status":"closed","template":"","meta":{"footnotes":""},"class_list":["post-334","page","type-page","status-publish","hentry"],"_links":{"self":[{"href":"https:\/\/nemetheva.hu\/index.php\/wp-json\/wp\/v2\/pages\/334"}],"collection":[{"href":"https:\/\/nemetheva.hu\/index.php\/wp-json\/wp\/v2\/pages"}],"about":[{"href":"https:\/\/nemetheva.hu\/index.php\/wp-json\/wp\/v2\/types\/page"}],"author":[{"embeddable":true,"href":"https:\/\/nemetheva.hu\/index.php\/wp-json\/wp\/v2\/users\/2"}],"replies":[{"embeddable":true,"href":"https:\/\/nemetheva.hu\/index.php\/wp-json\/wp\/v2\/comments?post=334"}],"version-history":[{"count":8,"href":"https:\/\/nemetheva.hu\/index.php\/wp-json\/wp\/v2\/pages\/334\/revisions"}],"predecessor-version":[{"id":731,"href":"https:\/\/nemetheva.hu\/index.php\/wp-json\/wp\/v2\/pages\/334\/revisions\/731"}],"wp:attachment":[{"href":"https:\/\/nemetheva.hu\/index.php\/wp-json\/wp\/v2\/media?parent=334"}],"curies":[{"name":"wp","href":"https:\/\/api.w.org\/{rel}","templated":true}]}}