{"id":342,"date":"2024-10-07T12:49:30","date_gmt":"2024-10-07T10:49:30","guid":{"rendered":"http:\/\/nemetheva.hu\/?page_id=342"},"modified":"2024-12-13T18:52:57","modified_gmt":"2024-12-13T17:52:57","slug":"p12","status":"publish","type":"page","link":"https:\/\/nemetheva.hu\/index.php\/p12\/","title":{"rendered":"12. \u00daj csal\u00e1dih\u00e1z tervez\u00e9se"},"content":{"rendered":"\n<p style=\"padding-right:var(--wp--preset--spacing--20);padding-left:var(--wp--preset--spacing--20)\">A feladat egy \u00faj csal\u00e1dih\u00e1z tervez\u00e9se volt egy keskeny, hossz\u00fa saroktelekre <\/p>\n\n\n\n<figure class=\"wp-block-image aligncenter size-large\"><img fetchpriority=\"high\" decoding=\"async\" width=\"1024\" height=\"614\" src=\"http:\/\/nemetheva.hu\/wp-content\/uploads\/2024\/10\/9.1_a-1-1024x614.jpg\" alt=\"\" class=\"wp-image-161\" srcset=\"https:\/\/nemetheva.hu\/wp-content\/uploads\/2024\/10\/9.1_a-1-1024x614.jpg 1024w, https:\/\/nemetheva.hu\/wp-content\/uploads\/2024\/10\/9.1_a-1-300x180.jpg 300w, https:\/\/nemetheva.hu\/wp-content\/uploads\/2024\/10\/9.1_a-1-768x461.jpg 768w, https:\/\/nemetheva.hu\/wp-content\/uploads\/2024\/10\/9.1_a-1-1536x922.jpg 1536w, https:\/\/nemetheva.hu\/wp-content\/uploads\/2024\/10\/9.1_a-1.jpg 2000w\" sizes=\"(max-width: 1024px) 100vw, 1024px\" \/><figcaption class=\"wp-element-caption\">T\u00f6megv\u00e1zlat a fels\u0151 \u00fatr\u00f3l<\/figcaption><\/figure>\n\n\n\n<figure class=\"wp-block-image aligncenter size-large\"><img decoding=\"async\" width=\"1024\" height=\"614\" src=\"http:\/\/nemetheva.hu\/wp-content\/uploads\/2024\/10\/9.2-1-1024x614.jpg\" alt=\"\" class=\"wp-image-163\" srcset=\"https:\/\/nemetheva.hu\/wp-content\/uploads\/2024\/10\/9.2-1-1024x614.jpg 1024w, https:\/\/nemetheva.hu\/wp-content\/uploads\/2024\/10\/9.2-1-300x180.jpg 300w, https:\/\/nemetheva.hu\/wp-content\/uploads\/2024\/10\/9.2-1-768x461.jpg 768w, https:\/\/nemetheva.hu\/wp-content\/uploads\/2024\/10\/9.2-1-1536x922.jpg 1536w, https:\/\/nemetheva.hu\/wp-content\/uploads\/2024\/10\/9.2-1.jpg 2000w\" sizes=\"(max-width: 1024px) 100vw, 1024px\" \/><figcaption class=\"wp-element-caption\">L\u00e1tv\u00e1nyterv a fels\u0151 \u00fatr\u00f3l<\/figcaption><\/figure>\n\n\n\n<figure class=\"wp-block-image aligncenter size-large\"><img decoding=\"async\" width=\"1024\" height=\"577\" src=\"http:\/\/nemetheva.hu\/wp-content\/uploads\/2024\/10\/9.3-1-1024x577.jpg\" alt=\"\" class=\"wp-image-164\" srcset=\"https:\/\/nemetheva.hu\/wp-content\/uploads\/2024\/10\/9.3-1-1024x577.jpg 1024w, https:\/\/nemetheva.hu\/wp-content\/uploads\/2024\/10\/9.3-1-300x169.jpg 300w, https:\/\/nemetheva.hu\/wp-content\/uploads\/2024\/10\/9.3-1-768x432.jpg 768w, https:\/\/nemetheva.hu\/wp-content\/uploads\/2024\/10\/9.3-1-1536x865.jpg 1536w, https:\/\/nemetheva.hu\/wp-content\/uploads\/2024\/10\/9.3-1-2048x1153.jpg 2048w\" sizes=\"(max-width: 1024px) 100vw, 1024px\" \/><figcaption class=\"wp-element-caption\">Fot\u00f3 az elk\u00e9sz\u00fclt \u00e9p\u00fcletr\u0151l a fels\u0151 \u00fat fel\u0151l<\/figcaption><\/figure>\n\n\n\n<figure class=\"wp-block-image aligncenter size-large\"><img loading=\"lazy\" decoding=\"async\" width=\"1024\" height=\"614\" src=\"http:\/\/nemetheva.hu\/wp-content\/uploads\/2024\/10\/9.4-1-1024x614.jpg\" alt=\"\" class=\"wp-image-165\" srcset=\"https:\/\/nemetheva.hu\/wp-content\/uploads\/2024\/10\/9.4-1-1024x614.jpg 1024w, https:\/\/nemetheva.hu\/wp-content\/uploads\/2024\/10\/9.4-1-300x180.jpg 300w, https:\/\/nemetheva.hu\/wp-content\/uploads\/2024\/10\/9.4-1-768x461.jpg 768w, https:\/\/nemetheva.hu\/wp-content\/uploads\/2024\/10\/9.4-1-1536x922.jpg 1536w, https:\/\/nemetheva.hu\/wp-content\/uploads\/2024\/10\/9.4-1.jpg 2000w\" sizes=\"(max-width: 1024px) 100vw, 1024px\" \/><figcaption class=\"wp-element-caption\">T\u00f6megv\u00e1zlat az \u00e9p\u00fclet hossztengely\u00e9vel p\u00e1rhuzamos \u00fatr\u00f3l<\/figcaption><\/figure>\n\n\n\n<figure class=\"wp-block-image aligncenter size-large\"><img loading=\"lazy\" decoding=\"async\" width=\"1024\" height=\"614\" src=\"http:\/\/nemetheva.hu\/wp-content\/uploads\/2024\/10\/9.5-1-1024x614.jpg\" alt=\"\" class=\"wp-image-166\" srcset=\"https:\/\/nemetheva.hu\/wp-content\/uploads\/2024\/10\/9.5-1-1024x614.jpg 1024w, https:\/\/nemetheva.hu\/wp-content\/uploads\/2024\/10\/9.5-1-300x180.jpg 300w, https:\/\/nemetheva.hu\/wp-content\/uploads\/2024\/10\/9.5-1-768x461.jpg 768w, https:\/\/nemetheva.hu\/wp-content\/uploads\/2024\/10\/9.5-1-1536x922.jpg 1536w, https:\/\/nemetheva.hu\/wp-content\/uploads\/2024\/10\/9.5-1.jpg 2000w\" sizes=\"(max-width: 1024px) 100vw, 1024px\" \/><figcaption class=\"wp-element-caption\">L\u00e1tv\u00e1nyterv az \u00e9p\u00fclet hossztengely\u00e9vel p\u00e1rhuzamos \u00fatr\u00f3l<\/figcaption><\/figure>\n\n\n\n<figure class=\"wp-block-image aligncenter size-large\"><img loading=\"lazy\" decoding=\"async\" width=\"1024\" height=\"577\" src=\"http:\/\/nemetheva.hu\/wp-content\/uploads\/2024\/10\/9.6-1-1024x577.jpg\" alt=\"\" class=\"wp-image-167\" srcset=\"https:\/\/nemetheva.hu\/wp-content\/uploads\/2024\/10\/9.6-1-1024x577.jpg 1024w, https:\/\/nemetheva.hu\/wp-content\/uploads\/2024\/10\/9.6-1-300x169.jpg 300w, https:\/\/nemetheva.hu\/wp-content\/uploads\/2024\/10\/9.6-1-768x432.jpg 768w, https:\/\/nemetheva.hu\/wp-content\/uploads\/2024\/10\/9.6-1-1536x865.jpg 1536w, https:\/\/nemetheva.hu\/wp-content\/uploads\/2024\/10\/9.6-1-2048x1153.jpg 2048w\" sizes=\"(max-width: 1024px) 100vw, 1024px\" \/><figcaption class=\"wp-element-caption\">Fot\u00f3 az elk\u00e9sz\u00fclt \u00e9p\u00fclet hossztengely\u00e9vel p\u00e1rhuzamos \u00fatr\u00f3l<\/figcaption><\/figure>\n\n\n\n<div class=\"wp-block-columns is-layout-flex wp-container-core-columns-is-layout-1 wp-block-columns-is-layout-flex\">\n<div class=\"wp-block-column is-layout-flow wp-block-column-is-layout-flow\">\n<div class=\"wp-block-buttons is-content-justification-center is-layout-flex wp-container-core-buttons-is-layout-1 wp-block-buttons-is-layout-flex\">\n<div class=\"wp-block-button is-style-outline is-style-outline--21f834086574639ef013d657091f0712\"><a class=\"wp-block-button__link wp-element-button\" href=\"http:\/\/nemetheva.hu\/index.php\/p11\/\">El\u0151z\u0151<\/a><\/div>\n<\/div>\n<\/div>\n\n\n\n<div class=\"wp-block-column is-layout-flow wp-block-column-is-layout-flow\">\n<div class=\"wp-block-buttons is-content-justification-center is-layout-flex wp-container-core-buttons-is-layout-2 wp-block-buttons-is-layout-flex\">\n<div class=\"wp-block-button is-style-outline is-style-outline--6d7fe165c514c717df02271e9ada6f0b\"><a class=\"wp-block-button__link wp-element-button\" href=\"http:\/\/nemetheva.hu\">F\u0151oldal<\/a><\/div>\n<\/div>\n<\/div>\n\n\n\n<div class=\"wp-block-column is-layout-flow wp-block-column-is-layout-flow\">\n<div class=\"wp-block-buttons is-content-justification-center is-layout-flex wp-container-core-buttons-is-layout-3 wp-block-buttons-is-layout-flex\">\n<div class=\"wp-block-button is-style-outline is-style-outline--7f363df23835c313fa895404c38ed3cf\"><a class=\"wp-block-button__link wp-element-button\" href=\"http:\/\/nemetheva.hu\/index.php\/p13\/\">K\u00f6vetkez\u0151<\/a><\/div>\n<\/div>\n<\/div>\n<\/div>\n\n\n\n<p><\/p>\n","protected":false},"excerpt":{"rendered":"<p>A feladat egy \u00faj csal\u00e1dih\u00e1z tervez\u00e9se volt egy keskeny, hossz\u00fa saroktelekre<\/p>\n","protected":false},"author":2,"featured_media":0,"parent":0,"menu_order":0,"comment_status":"closed","ping_status":"closed","template":"","meta":{"footnotes":""},"class_list":["post-342","page","type-page","status-publish","hentry"],"_links":{"self":[{"href":"https:\/\/nemetheva.hu\/index.php\/wp-json\/wp\/v2\/pages\/342"}],"collection":[{"href":"https:\/\/nemetheva.hu\/index.php\/wp-json\/wp\/v2\/pages"}],"about":[{"href":"https:\/\/nemetheva.hu\/index.php\/wp-json\/wp\/v2\/types\/page"}],"author":[{"embeddable":true,"href":"https:\/\/nemetheva.hu\/index.php\/wp-json\/wp\/v2\/users\/2"}],"replies":[{"embeddable":true,"href":"https:\/\/nemetheva.hu\/index.php\/wp-json\/wp\/v2\/comments?post=342"}],"version-history":[{"count":6,"href":"https:\/\/nemetheva.hu\/index.php\/wp-json\/wp\/v2\/pages\/342\/revisions"}],"predecessor-version":[{"id":735,"href":"https:\/\/nemetheva.hu\/index.php\/wp-json\/wp\/v2\/pages\/342\/revisions\/735"}],"wp:attachment":[{"href":"https:\/\/nemetheva.hu\/index.php\/wp-json\/wp\/v2\/media?parent=342"}],"curies":[{"name":"wp","href":"https:\/\/api.w.org\/{rel}","templated":true}]}}