{"id":350,"date":"2024-10-07T21:29:57","date_gmt":"2024-10-07T19:29:57","guid":{"rendered":"http:\/\/nemetheva.hu\/?page_id=350"},"modified":"2024-12-13T18:54:00","modified_gmt":"2024-12-13T17:54:00","slug":"p7","status":"publish","type":"page","link":"https:\/\/nemetheva.hu\/index.php\/p7\/","title":{"rendered":"7. \u00daj csal\u00e1dih\u00e1z tervez\u00e9se"},"content":{"rendered":"\n<p style=\"padding-right:var(--wp--preset--spacing--20);padding-left:var(--wp--preset--spacing--20)\">A csal\u00e1dih\u00e1z terve egy erd\u0151 sz\u00e9l\u00e9n l\u00e9v\u0151 lank\u00e1s ter\u00fcletre k\u00e9sz\u00fclt.<\/p>\n\n\n\n<figure class=\"wp-block-image aligncenter size-large\"><img fetchpriority=\"high\" decoding=\"async\" width=\"1024\" height=\"614\" src=\"http:\/\/nemetheva.hu\/wp-content\/uploads\/2024\/10\/11.1_a-1024x614.jpg\" alt=\"\" class=\"wp-image-174\" srcset=\"https:\/\/nemetheva.hu\/wp-content\/uploads\/2024\/10\/11.1_a-1024x614.jpg 1024w, https:\/\/nemetheva.hu\/wp-content\/uploads\/2024\/10\/11.1_a-300x180.jpg 300w, https:\/\/nemetheva.hu\/wp-content\/uploads\/2024\/10\/11.1_a-768x461.jpg 768w, https:\/\/nemetheva.hu\/wp-content\/uploads\/2024\/10\/11.1_a-1536x922.jpg 1536w, https:\/\/nemetheva.hu\/wp-content\/uploads\/2024\/10\/11.1_a.jpg 2000w\" sizes=\"(max-width: 1024px) 100vw, 1024px\" \/><figcaption class=\"wp-element-caption\">T\u00f6megv\u00e1zlat az utca fel\u0151l<\/figcaption><\/figure>\n\n\n\n<figure class=\"wp-block-image aligncenter size-large\"><img decoding=\"async\" width=\"1024\" height=\"614\" src=\"http:\/\/nemetheva.hu\/wp-content\/uploads\/2024\/10\/11.2-1024x614.jpg\" alt=\"\" class=\"wp-image-176\" srcset=\"https:\/\/nemetheva.hu\/wp-content\/uploads\/2024\/10\/11.2-1024x614.jpg 1024w, https:\/\/nemetheva.hu\/wp-content\/uploads\/2024\/10\/11.2-300x180.jpg 300w, https:\/\/nemetheva.hu\/wp-content\/uploads\/2024\/10\/11.2-768x461.jpg 768w, https:\/\/nemetheva.hu\/wp-content\/uploads\/2024\/10\/11.2-1536x922.jpg 1536w, https:\/\/nemetheva.hu\/wp-content\/uploads\/2024\/10\/11.2.jpg 2000w\" sizes=\"(max-width: 1024px) 100vw, 1024px\" \/><figcaption class=\"wp-element-caption\">L\u00e1tv\u00e1nyterv az utca fel\u0151l<\/figcaption><\/figure>\n\n\n\n<figure class=\"wp-block-image aligncenter size-large\"><img decoding=\"async\" width=\"1024\" height=\"577\" src=\"http:\/\/nemetheva.hu\/wp-content\/uploads\/2024\/10\/11.3-1024x577.jpg\" alt=\"\" class=\"wp-image-177\" srcset=\"https:\/\/nemetheva.hu\/wp-content\/uploads\/2024\/10\/11.3-1024x577.jpg 1024w, https:\/\/nemetheva.hu\/wp-content\/uploads\/2024\/10\/11.3-300x169.jpg 300w, https:\/\/nemetheva.hu\/wp-content\/uploads\/2024\/10\/11.3-768x432.jpg 768w, https:\/\/nemetheva.hu\/wp-content\/uploads\/2024\/10\/11.3-1536x865.jpg 1536w, https:\/\/nemetheva.hu\/wp-content\/uploads\/2024\/10\/11.3-2048x1153.jpg 2048w\" sizes=\"(max-width: 1024px) 100vw, 1024px\" \/><figcaption class=\"wp-element-caption\">Fot\u00f3 az elk\u00e9sz\u00fclt \u00e9p\u00fcletr\u0151l az utca fel\u0151l<\/figcaption><\/figure>\n\n\n\n<figure class=\"wp-block-image aligncenter size-large\"><img loading=\"lazy\" decoding=\"async\" width=\"1024\" height=\"614\" src=\"http:\/\/nemetheva.hu\/wp-content\/uploads\/2024\/10\/11.4-1024x614.jpg\" alt=\"\" class=\"wp-image-178\" srcset=\"https:\/\/nemetheva.hu\/wp-content\/uploads\/2024\/10\/11.4-1024x614.jpg 1024w, https:\/\/nemetheva.hu\/wp-content\/uploads\/2024\/10\/11.4-300x180.jpg 300w, https:\/\/nemetheva.hu\/wp-content\/uploads\/2024\/10\/11.4-768x461.jpg 768w, https:\/\/nemetheva.hu\/wp-content\/uploads\/2024\/10\/11.4-1536x922.jpg 1536w, https:\/\/nemetheva.hu\/wp-content\/uploads\/2024\/10\/11.4.jpg 2000w\" sizes=\"(max-width: 1024px) 100vw, 1024px\" \/><figcaption class=\"wp-element-caption\">T\u00f6megv\u00e1zlat a h\u00e1ts\u00f3kertb\u0151l<\/figcaption><\/figure>\n\n\n\n<figure class=\"wp-block-image aligncenter size-large\"><img loading=\"lazy\" decoding=\"async\" width=\"1024\" height=\"614\" src=\"http:\/\/nemetheva.hu\/wp-content\/uploads\/2024\/10\/11.5-1024x614.jpg\" alt=\"\" class=\"wp-image-179\" srcset=\"https:\/\/nemetheva.hu\/wp-content\/uploads\/2024\/10\/11.5-1024x614.jpg 1024w, https:\/\/nemetheva.hu\/wp-content\/uploads\/2024\/10\/11.5-300x180.jpg 300w, https:\/\/nemetheva.hu\/wp-content\/uploads\/2024\/10\/11.5-768x461.jpg 768w, https:\/\/nemetheva.hu\/wp-content\/uploads\/2024\/10\/11.5-1536x922.jpg 1536w, https:\/\/nemetheva.hu\/wp-content\/uploads\/2024\/10\/11.5.jpg 2000w\" sizes=\"(max-width: 1024px) 100vw, 1024px\" \/><figcaption class=\"wp-element-caption\">L\u00e1tv\u00e1nyterv a h\u00e1ts\u00f3kertb\u0151l<\/figcaption><\/figure>\n\n\n\n<figure class=\"wp-block-image aligncenter size-large\"><img loading=\"lazy\" decoding=\"async\" width=\"1024\" height=\"576\" src=\"http:\/\/nemetheva.hu\/wp-content\/uploads\/2024\/10\/11.6-1024x576.jpg\" alt=\"\" class=\"wp-image-180\" srcset=\"https:\/\/nemetheva.hu\/wp-content\/uploads\/2024\/10\/11.6-1024x576.jpg 1024w, https:\/\/nemetheva.hu\/wp-content\/uploads\/2024\/10\/11.6-300x169.jpg 300w, https:\/\/nemetheva.hu\/wp-content\/uploads\/2024\/10\/11.6-768x432.jpg 768w, https:\/\/nemetheva.hu\/wp-content\/uploads\/2024\/10\/11.6-1536x865.jpg 1536w, https:\/\/nemetheva.hu\/wp-content\/uploads\/2024\/10\/11.6-2048x1153.jpg 2048w\" sizes=\"(max-width: 1024px) 100vw, 1024px\" \/><figcaption class=\"wp-element-caption\">Fot\u00f3 az elk\u00e9sz\u00fclt \u00e9p\u00fcletr\u0151l a h\u00e1ts\u00f3kert fel\u0151l<\/figcaption><\/figure>\n\n\n\n<figure class=\"wp-block-image aligncenter size-large\"><img loading=\"lazy\" decoding=\"async\" width=\"1024\" height=\"614\" src=\"http:\/\/nemetheva.hu\/wp-content\/uploads\/2024\/10\/11.7-1024x614.jpg\" alt=\"\" class=\"wp-image-181\" srcset=\"https:\/\/nemetheva.hu\/wp-content\/uploads\/2024\/10\/11.7-1024x614.jpg 1024w, https:\/\/nemetheva.hu\/wp-content\/uploads\/2024\/10\/11.7-300x180.jpg 300w, https:\/\/nemetheva.hu\/wp-content\/uploads\/2024\/10\/11.7-768x461.jpg 768w, https:\/\/nemetheva.hu\/wp-content\/uploads\/2024\/10\/11.7-1536x922.jpg 1536w, https:\/\/nemetheva.hu\/wp-content\/uploads\/2024\/10\/11.7.jpg 2000w\" sizes=\"(max-width: 1024px) 100vw, 1024px\" \/><figcaption class=\"wp-element-caption\">T\u00f6megv\u00e1zlat a h\u00e1ts\u00f3kertb\u0151l<\/figcaption><\/figure>\n\n\n\n<figure class=\"wp-block-image aligncenter size-large\"><img loading=\"lazy\" decoding=\"async\" width=\"1024\" height=\"614\" src=\"http:\/\/nemetheva.hu\/wp-content\/uploads\/2024\/10\/11.8-1024x614.jpg\" alt=\"\" class=\"wp-image-182\" srcset=\"https:\/\/nemetheva.hu\/wp-content\/uploads\/2024\/10\/11.8-1024x614.jpg 1024w, https:\/\/nemetheva.hu\/wp-content\/uploads\/2024\/10\/11.8-300x180.jpg 300w, https:\/\/nemetheva.hu\/wp-content\/uploads\/2024\/10\/11.8-768x461.jpg 768w, https:\/\/nemetheva.hu\/wp-content\/uploads\/2024\/10\/11.8-1536x922.jpg 1536w, https:\/\/nemetheva.hu\/wp-content\/uploads\/2024\/10\/11.8.jpg 2000w\" sizes=\"(max-width: 1024px) 100vw, 1024px\" \/><figcaption class=\"wp-element-caption\">L\u00e1tv\u00e1nyterv a h\u00e1ts\u00f3kertb\u0151l<\/figcaption><\/figure>\n\n\n\n<figure class=\"wp-block-image aligncenter size-large\"><img loading=\"lazy\" decoding=\"async\" width=\"1024\" height=\"576\" src=\"http:\/\/nemetheva.hu\/wp-content\/uploads\/2024\/10\/11.9-1024x576.jpg\" alt=\"\" class=\"wp-image-183\" srcset=\"https:\/\/nemetheva.hu\/wp-content\/uploads\/2024\/10\/11.9-1024x576.jpg 1024w, https:\/\/nemetheva.hu\/wp-content\/uploads\/2024\/10\/11.9-300x169.jpg 300w, https:\/\/nemetheva.hu\/wp-content\/uploads\/2024\/10\/11.9-768x432.jpg 768w, https:\/\/nemetheva.hu\/wp-content\/uploads\/2024\/10\/11.9-1536x865.jpg 1536w, https:\/\/nemetheva.hu\/wp-content\/uploads\/2024\/10\/11.9-2048x1153.jpg 2048w\" sizes=\"(max-width: 1024px) 100vw, 1024px\" \/><figcaption class=\"wp-element-caption\">Fot\u00f3 az elk\u00e9sz\u00fclt \u00e9p\u00fcletr\u0151l a h\u00e1ts\u00f3kert fel\u0151l<\/figcaption><\/figure>\n\n\n\n<figure class=\"wp-block-image aligncenter size-large\"><img loading=\"lazy\" decoding=\"async\" width=\"1024\" height=\"614\" src=\"http:\/\/nemetheva.hu\/wp-content\/uploads\/2024\/10\/11.10-1024x614.jpg\" alt=\"\" class=\"wp-image-184\" srcset=\"https:\/\/nemetheva.hu\/wp-content\/uploads\/2024\/10\/11.10-1024x614.jpg 1024w, https:\/\/nemetheva.hu\/wp-content\/uploads\/2024\/10\/11.10-300x180.jpg 300w, https:\/\/nemetheva.hu\/wp-content\/uploads\/2024\/10\/11.10-768x461.jpg 768w, https:\/\/nemetheva.hu\/wp-content\/uploads\/2024\/10\/11.10-1536x922.jpg 1536w, https:\/\/nemetheva.hu\/wp-content\/uploads\/2024\/10\/11.10.jpg 2000w\" sizes=\"(max-width: 1024px) 100vw, 1024px\" \/><figcaption class=\"wp-element-caption\">T\u00f6megv\u00e1zlat az utca fel\u0151l<\/figcaption><\/figure>\n\n\n\n<figure class=\"wp-block-image aligncenter size-large\"><img loading=\"lazy\" decoding=\"async\" width=\"1024\" height=\"614\" src=\"http:\/\/nemetheva.hu\/wp-content\/uploads\/2024\/10\/11.11-1024x614.jpg\" alt=\"\" class=\"wp-image-185\" srcset=\"https:\/\/nemetheva.hu\/wp-content\/uploads\/2024\/10\/11.11-1024x614.jpg 1024w, https:\/\/nemetheva.hu\/wp-content\/uploads\/2024\/10\/11.11-300x180.jpg 300w, https:\/\/nemetheva.hu\/wp-content\/uploads\/2024\/10\/11.11-768x461.jpg 768w, https:\/\/nemetheva.hu\/wp-content\/uploads\/2024\/10\/11.11-1536x922.jpg 1536w, https:\/\/nemetheva.hu\/wp-content\/uploads\/2024\/10\/11.11.jpg 2000w\" sizes=\"(max-width: 1024px) 100vw, 1024px\" \/><figcaption class=\"wp-element-caption\">L\u00e1tv\u00e1nyterv az utca fel\u0151l<\/figcaption><\/figure>\n\n\n\n<figure class=\"wp-block-image aligncenter size-large\"><img loading=\"lazy\" decoding=\"async\" width=\"1024\" height=\"577\" src=\"http:\/\/nemetheva.hu\/wp-content\/uploads\/2024\/10\/11.12-1024x577.jpg\" alt=\"\" class=\"wp-image-186\" srcset=\"https:\/\/nemetheva.hu\/wp-content\/uploads\/2024\/10\/11.12-1024x577.jpg 1024w, https:\/\/nemetheva.hu\/wp-content\/uploads\/2024\/10\/11.12-300x169.jpg 300w, https:\/\/nemetheva.hu\/wp-content\/uploads\/2024\/10\/11.12-768x432.jpg 768w, https:\/\/nemetheva.hu\/wp-content\/uploads\/2024\/10\/11.12-1536x865.jpg 1536w, https:\/\/nemetheva.hu\/wp-content\/uploads\/2024\/10\/11.12-2048x1153.jpg 2048w\" sizes=\"(max-width: 1024px) 100vw, 1024px\" \/><figcaption class=\"wp-element-caption\">Fot\u00f3 az elk\u00e9sz\u00fclt \u00e9p\u00fcletr\u0151l az utca fel\u0151l<\/figcaption><\/figure>\n\n\n\n<div class=\"wp-block-columns is-layout-flex wp-container-core-columns-is-layout-1 wp-block-columns-is-layout-flex\">\n<div class=\"wp-block-column is-layout-flow wp-block-column-is-layout-flow\">\n<div class=\"wp-block-buttons is-content-justification-center is-layout-flex wp-container-core-buttons-is-layout-1 wp-block-buttons-is-layout-flex\">\n<div class=\"wp-block-button is-style-outline is-style-outline--fcee639e0cc6fbd1b18e07c9da715d7b\"><a class=\"wp-block-button__link wp-element-button\" href=\"http:\/\/nemetheva.hu\/index.php\/p6\/\">El\u0151z\u0151<\/a><\/div>\n<\/div>\n<\/div>\n\n\n\n<div class=\"wp-block-column is-layout-flow wp-block-column-is-layout-flow\">\n<div class=\"wp-block-buttons is-content-justification-center is-layout-flex wp-container-core-buttons-is-layout-2 wp-block-buttons-is-layout-flex\">\n<div class=\"wp-block-button is-style-outline is-style-outline--6d7fe165c514c717df02271e9ada6f0b\"><a class=\"wp-block-button__link wp-element-button\" href=\"http:\/\/nemetheva.hu\">F\u0151oldal<\/a><\/div>\n<\/div>\n<\/div>\n\n\n\n<div class=\"wp-block-column is-layout-flow wp-block-column-is-layout-flow\">\n<div class=\"wp-block-buttons is-content-justification-center is-layout-flex wp-container-core-buttons-is-layout-3 wp-block-buttons-is-layout-flex\">\n<div class=\"wp-block-button is-style-outline is-style-outline--10ed09c7178600148332d701261ce08a\"><a class=\"wp-block-button__link wp-element-button\" href=\"http:\/\/nemetheva.hu\/index.php\/p8\/\">K\u00f6vetkez\u0151<\/a><\/div>\n<\/div>\n<\/div>\n<\/div>\n\n\n\n<p><\/p>\n","protected":false},"excerpt":{"rendered":"<p>A csal\u00e1dih\u00e1z terve egy erd\u0151 sz\u00e9l\u00e9n l\u00e9v\u0151 lank\u00e1s ter\u00fcletre k\u00e9sz\u00fclt.<\/p>\n","protected":false},"author":2,"featured_media":0,"parent":0,"menu_order":0,"comment_status":"closed","ping_status":"closed","template":"","meta":{"footnotes":""},"class_list":["post-350","page","type-page","status-publish","hentry"],"_links":{"self":[{"href":"https:\/\/nemetheva.hu\/index.php\/wp-json\/wp\/v2\/pages\/350"}],"collection":[{"href":"https:\/\/nemetheva.hu\/index.php\/wp-json\/wp\/v2\/pages"}],"about":[{"href":"https:\/\/nemetheva.hu\/index.php\/wp-json\/wp\/v2\/types\/page"}],"author":[{"embeddable":true,"href":"https:\/\/nemetheva.hu\/index.php\/wp-json\/wp\/v2\/users\/2"}],"replies":[{"embeddable":true,"href":"https:\/\/nemetheva.hu\/index.php\/wp-json\/wp\/v2\/comments?post=350"}],"version-history":[{"count":5,"href":"https:\/\/nemetheva.hu\/index.php\/wp-json\/wp\/v2\/pages\/350\/revisions"}],"predecessor-version":[{"id":737,"href":"https:\/\/nemetheva.hu\/index.php\/wp-json\/wp\/v2\/pages\/350\/revisions\/737"}],"wp:attachment":[{"href":"https:\/\/nemetheva.hu\/index.php\/wp-json\/wp\/v2\/media?parent=350"}],"curies":[{"name":"wp","href":"https:\/\/api.w.org\/{rel}","templated":true}]}}