{"id":370,"date":"2024-10-07T22:09:16","date_gmt":"2024-10-07T20:09:16","guid":{"rendered":"http:\/\/nemetheva.hu\/?page_id=370"},"modified":"2024-12-13T19:13:23","modified_gmt":"2024-12-13T18:13:23","slug":"p1","status":"publish","type":"page","link":"https:\/\/nemetheva.hu\/index.php\/p1\/","title":{"rendered":"1. \u00daj csal\u00e1dih\u00e1z tervez\u00e9se"},"content":{"rendered":"\n<p style=\"padding-right:var(--wp--preset--spacing--20);padding-left:var(--wp--preset--spacing--20)\">Az \u00e9p\u00fclet terve Sopronban az Als\u00f3l\u0151verekben egy lejt\u0151s telekre, \u00e1rnyas f\u00e1k k\u00f6z\u00e9 k\u00e9sz\u00fclt.<\/p>\n\n\n\n<figure class=\"wp-block-image aligncenter size-large\"><img fetchpriority=\"high\" decoding=\"async\" width=\"1024\" height=\"614\" src=\"http:\/\/nemetheva.hu\/wp-content\/uploads\/2024\/10\/15.1_a-1024x614.jpg\" alt=\"\" class=\"wp-image-205\" srcset=\"https:\/\/nemetheva.hu\/wp-content\/uploads\/2024\/10\/15.1_a-1024x614.jpg 1024w, https:\/\/nemetheva.hu\/wp-content\/uploads\/2024\/10\/15.1_a-300x180.jpg 300w, https:\/\/nemetheva.hu\/wp-content\/uploads\/2024\/10\/15.1_a-768x461.jpg 768w, https:\/\/nemetheva.hu\/wp-content\/uploads\/2024\/10\/15.1_a-1536x922.jpg 1536w, https:\/\/nemetheva.hu\/wp-content\/uploads\/2024\/10\/15.1_a.jpg 2000w\" sizes=\"(max-width: 1024px) 100vw, 1024px\" \/><figcaption class=\"wp-element-caption\">T\u00f6megv\u00e1zlat<\/figcaption><\/figure>\n\n\n\n<figure class=\"wp-block-image aligncenter size-large\"><img decoding=\"async\" width=\"1024\" height=\"511\" src=\"http:\/\/nemetheva.hu\/wp-content\/uploads\/2024\/10\/15.2-1024x511.jpg\" alt=\"\" class=\"wp-image-207\" srcset=\"https:\/\/nemetheva.hu\/wp-content\/uploads\/2024\/10\/15.2-1024x511.jpg 1024w, https:\/\/nemetheva.hu\/wp-content\/uploads\/2024\/10\/15.2-300x150.jpg 300w, https:\/\/nemetheva.hu\/wp-content\/uploads\/2024\/10\/15.2-768x383.jpg 768w, https:\/\/nemetheva.hu\/wp-content\/uploads\/2024\/10\/15.2-1536x766.jpg 1536w, https:\/\/nemetheva.hu\/wp-content\/uploads\/2024\/10\/15.2.jpg 1600w\" sizes=\"(max-width: 1024px) 100vw, 1024px\" \/><figcaption class=\"wp-element-caption\">L\u00e1tv\u00e1nyterv<\/figcaption><\/figure>\n\n\n\n<figure class=\"wp-block-image aligncenter size-large\"><img decoding=\"async\" width=\"1024\" height=\"614\" src=\"http:\/\/nemetheva.hu\/wp-content\/uploads\/2024\/12\/15.5.1-IMG_20241212_110016-1024x614.jpg\" alt=\"\" class=\"wp-image-743\" srcset=\"https:\/\/nemetheva.hu\/wp-content\/uploads\/2024\/12\/15.5.1-IMG_20241212_110016-1024x614.jpg 1024w, https:\/\/nemetheva.hu\/wp-content\/uploads\/2024\/12\/15.5.1-IMG_20241212_110016-300x180.jpg 300w, https:\/\/nemetheva.hu\/wp-content\/uploads\/2024\/12\/15.5.1-IMG_20241212_110016-768x461.jpg 768w, https:\/\/nemetheva.hu\/wp-content\/uploads\/2024\/12\/15.5.1-IMG_20241212_110016-1536x922.jpg 1536w, https:\/\/nemetheva.hu\/wp-content\/uploads\/2024\/12\/15.5.1-IMG_20241212_110016.jpg 2000w\" sizes=\"(max-width: 1024px) 100vw, 1024px\" \/><figcaption class=\"wp-element-caption\">Fot\u00f3 az elk\u00e9sz\u00fclt \u00e9p\u00fcletr\u0151l<\/figcaption><\/figure>\n\n\n\n<figure class=\"wp-block-image aligncenter size-large\"><img loading=\"lazy\" decoding=\"async\" width=\"1024\" height=\"614\" src=\"http:\/\/nemetheva.hu\/wp-content\/uploads\/2024\/10\/15.3-1024x614.jpg\" alt=\"\" class=\"wp-image-208\" srcset=\"https:\/\/nemetheva.hu\/wp-content\/uploads\/2024\/10\/15.3-1024x614.jpg 1024w, https:\/\/nemetheva.hu\/wp-content\/uploads\/2024\/10\/15.3-300x180.jpg 300w, https:\/\/nemetheva.hu\/wp-content\/uploads\/2024\/10\/15.3-768x461.jpg 768w, https:\/\/nemetheva.hu\/wp-content\/uploads\/2024\/10\/15.3-1536x922.jpg 1536w, https:\/\/nemetheva.hu\/wp-content\/uploads\/2024\/10\/15.3.jpg 2000w\" sizes=\"(max-width: 1024px) 100vw, 1024px\" \/><figcaption class=\"wp-element-caption\">T\u00f6megv\u00e1zlat<\/figcaption><\/figure>\n\n\n\n<figure class=\"wp-block-image aligncenter size-large\"><img loading=\"lazy\" decoding=\"async\" width=\"1024\" height=\"511\" src=\"http:\/\/nemetheva.hu\/wp-content\/uploads\/2024\/10\/15.4-1024x511.jpg\" alt=\"\" class=\"wp-image-209\" srcset=\"https:\/\/nemetheva.hu\/wp-content\/uploads\/2024\/10\/15.4-1024x511.jpg 1024w, https:\/\/nemetheva.hu\/wp-content\/uploads\/2024\/10\/15.4-300x150.jpg 300w, https:\/\/nemetheva.hu\/wp-content\/uploads\/2024\/10\/15.4-768x383.jpg 768w, https:\/\/nemetheva.hu\/wp-content\/uploads\/2024\/10\/15.4-1536x766.jpg 1536w, https:\/\/nemetheva.hu\/wp-content\/uploads\/2024\/10\/15.4.jpg 1600w\" sizes=\"(max-width: 1024px) 100vw, 1024px\" \/><figcaption class=\"wp-element-caption\">L\u00e1tv\u00e1nyterv<\/figcaption><\/figure>\n\n\n\n<figure class=\"wp-block-image aligncenter size-large is-resized\"><img loading=\"lazy\" decoding=\"async\" width=\"1024\" height=\"614\" src=\"http:\/\/nemetheva.hu\/wp-content\/uploads\/2024\/12\/15.5.3-DSC_0917__-1024x614.jpg\" alt=\"\" class=\"wp-image-745\" style=\"width:1024px;height:auto\" srcset=\"https:\/\/nemetheva.hu\/wp-content\/uploads\/2024\/12\/15.5.3-DSC_0917__-1024x614.jpg 1024w, https:\/\/nemetheva.hu\/wp-content\/uploads\/2024\/12\/15.5.3-DSC_0917__-300x180.jpg 300w, https:\/\/nemetheva.hu\/wp-content\/uploads\/2024\/12\/15.5.3-DSC_0917__-768x461.jpg 768w, https:\/\/nemetheva.hu\/wp-content\/uploads\/2024\/12\/15.5.3-DSC_0917__-1536x922.jpg 1536w, https:\/\/nemetheva.hu\/wp-content\/uploads\/2024\/12\/15.5.3-DSC_0917__.jpg 2000w\" sizes=\"(max-width: 1024px) 100vw, 1024px\" \/><figcaption class=\"wp-element-caption\">Fot\u00f3 az elk\u00e9sz\u00fclt \u00e9p\u00fcletr\u0151l<\/figcaption><\/figure>\n\n\n\n<figure class=\"wp-block-image aligncenter size-large\"><img loading=\"lazy\" decoding=\"async\" width=\"1024\" height=\"614\" src=\"http:\/\/nemetheva.hu\/wp-content\/uploads\/2024\/12\/15.5.2-DSC_0919__-1024x614.jpg\" alt=\"\" class=\"wp-image-744\" srcset=\"https:\/\/nemetheva.hu\/wp-content\/uploads\/2024\/12\/15.5.2-DSC_0919__-1024x614.jpg 1024w, https:\/\/nemetheva.hu\/wp-content\/uploads\/2024\/12\/15.5.2-DSC_0919__-300x180.jpg 300w, https:\/\/nemetheva.hu\/wp-content\/uploads\/2024\/12\/15.5.2-DSC_0919__-768x461.jpg 768w, https:\/\/nemetheva.hu\/wp-content\/uploads\/2024\/12\/15.5.2-DSC_0919__-1536x922.jpg 1536w, https:\/\/nemetheva.hu\/wp-content\/uploads\/2024\/12\/15.5.2-DSC_0919__.jpg 2000w\" sizes=\"(max-width: 1024px) 100vw, 1024px\" \/><figcaption class=\"wp-element-caption\">Fot\u00f3 az elk\u00e9sz\u00fclt \u00e9p\u00fcletr\u0151l<\/figcaption><\/figure>\n\n\n\n<figure class=\"wp-block-image aligncenter size-large\"><img loading=\"lazy\" decoding=\"async\" width=\"1024\" height=\"577\" src=\"http:\/\/nemetheva.hu\/wp-content\/uploads\/2024\/12\/15.5.4-IMG_20241119_125352_-1024x577.jpg\" alt=\"\" class=\"wp-image-746\" srcset=\"https:\/\/nemetheva.hu\/wp-content\/uploads\/2024\/12\/15.5.4-IMG_20241119_125352_-1024x577.jpg 1024w, https:\/\/nemetheva.hu\/wp-content\/uploads\/2024\/12\/15.5.4-IMG_20241119_125352_-300x169.jpg 300w, https:\/\/nemetheva.hu\/wp-content\/uploads\/2024\/12\/15.5.4-IMG_20241119_125352_-768x433.jpg 768w, https:\/\/nemetheva.hu\/wp-content\/uploads\/2024\/12\/15.5.4-IMG_20241119_125352_-1536x865.jpg 1536w, https:\/\/nemetheva.hu\/wp-content\/uploads\/2024\/12\/15.5.4-IMG_20241119_125352_-2048x1154.jpg 2048w\" sizes=\"(max-width: 1024px) 100vw, 1024px\" \/><figcaption class=\"wp-element-caption\">Megval\u00f3sult bels\u0151 t\u00e9r<\/figcaption><\/figure>\n\n\n\n<div class=\"wp-block-columns is-layout-flex wp-container-core-columns-is-layout-1 wp-block-columns-is-layout-flex\">\n<div class=\"wp-block-column is-layout-flow wp-block-column-is-layout-flow\">\n<div class=\"wp-block-buttons is-content-justification-center is-layout-flex wp-container-core-buttons-is-layout-1 wp-block-buttons-is-layout-flex\">\n<div class=\"wp-block-button is-style-outline is-style-outline--1e02ad53017480738844f4863f0128cf\"><a class=\"wp-block-button__link wp-element-button\" href=\"http:\/\/nemetheva.hu\/index.php\/putolso\/\">El\u0151z\u0151<\/a><\/div>\n<\/div>\n<\/div>\n\n\n\n<div class=\"wp-block-column is-layout-flow wp-block-column-is-layout-flow\">\n<div class=\"wp-block-buttons is-content-justification-center is-layout-flex wp-container-core-buttons-is-layout-2 wp-block-buttons-is-layout-flex\">\n<div class=\"wp-block-button is-style-outline is-style-outline--6d7fe165c514c717df02271e9ada6f0b\"><a class=\"wp-block-button__link wp-element-button\" href=\"http:\/\/nemetheva.hu\">F\u0151oldal<\/a><\/div>\n<\/div>\n<\/div>\n\n\n\n<div class=\"wp-block-column is-layout-flow wp-block-column-is-layout-flow\">\n<div class=\"wp-block-buttons is-content-justification-center is-layout-flex wp-container-core-buttons-is-layout-3 wp-block-buttons-is-layout-flex\">\n<div class=\"wp-block-button is-style-outline is-style-outline--16cefafccf04f82759cf3c9871aa2be8\"><a class=\"wp-block-button__link wp-element-button\" href=\"http:\/\/nemetheva.hu\/index.php\/p2\/\">K\u00f6vetkez\u0151<\/a><\/div>\n<\/div>\n<\/div>\n<\/div>\n\n\n\n<p><\/p>\n","protected":false},"excerpt":{"rendered":"<p>Az \u00e9p\u00fclet terve Sopronban az Als\u00f3l\u0151verekben egy lejt\u0151s telekre, \u00e1rnyas f\u00e1k k\u00f6z\u00e9 k\u00e9sz\u00fclt.<\/p>\n","protected":false},"author":2,"featured_media":0,"parent":0,"menu_order":0,"comment_status":"closed","ping_status":"closed","template":"","meta":{"footnotes":""},"class_list":["post-370","page","type-page","status-publish","hentry"],"_links":{"self":[{"href":"https:\/\/nemetheva.hu\/index.php\/wp-json\/wp\/v2\/pages\/370"}],"collection":[{"href":"https:\/\/nemetheva.hu\/index.php\/wp-json\/wp\/v2\/pages"}],"about":[{"href":"https:\/\/nemetheva.hu\/index.php\/wp-json\/wp\/v2\/types\/page"}],"author":[{"embeddable":true,"href":"https:\/\/nemetheva.hu\/index.php\/wp-json\/wp\/v2\/users\/2"}],"replies":[{"embeddable":true,"href":"https:\/\/nemetheva.hu\/index.php\/wp-json\/wp\/v2\/comments?post=370"}],"version-history":[{"count":14,"href":"https:\/\/nemetheva.hu\/index.php\/wp-json\/wp\/v2\/pages\/370\/revisions"}],"predecessor-version":[{"id":753,"href":"https:\/\/nemetheva.hu\/index.php\/wp-json\/wp\/v2\/pages\/370\/revisions\/753"}],"wp:attachment":[{"href":"https:\/\/nemetheva.hu\/index.php\/wp-json\/wp\/v2\/media?parent=370"}],"curies":[{"name":"wp","href":"https:\/\/api.w.org\/{rel}","templated":true}]}}