{"id":375,"date":"2024-10-07T22:15:01","date_gmt":"2024-10-07T20:15:01","guid":{"rendered":"http:\/\/nemetheva.hu\/?page_id=375"},"modified":"2024-12-13T18:49:26","modified_gmt":"2024-12-13T17:49:26","slug":"p6","status":"publish","type":"page","link":"https:\/\/nemetheva.hu\/index.php\/p6\/","title":{"rendered":"6. Fert\u0151-t\u00e1j Vil\u00e1g\u00f6r\u00f6ks\u00e9g ter\u00fclet\u00e9n k\u00e9tlak\u00e1sos csal\u00e1dih\u00e1z tervez\u00e9se"},"content":{"rendered":"\n<p class=\"has-text-align-left\" style=\"padding-right:var(--wp--preset--spacing--20);padding-left:var(--wp--preset--spacing--20)\">A feladat egy k\u00e9tlak\u00e1sos csal\u00e1dih\u00e1z tervez\u00e9se volt a terep lejt\u00e9s\u00e9t k\u00f6vetve.<\/p>\n\n\n\n<figure class=\"wp-block-image aligncenter size-large\"><img fetchpriority=\"high\" decoding=\"async\" width=\"1024\" height=\"614\" src=\"http:\/\/nemetheva.hu\/wp-content\/uploads\/2024\/10\/16.1_a-1024x614.jpg\" alt=\"\" class=\"wp-image-210\" srcset=\"https:\/\/nemetheva.hu\/wp-content\/uploads\/2024\/10\/16.1_a-1024x614.jpg 1024w, https:\/\/nemetheva.hu\/wp-content\/uploads\/2024\/10\/16.1_a-300x180.jpg 300w, https:\/\/nemetheva.hu\/wp-content\/uploads\/2024\/10\/16.1_a-768x461.jpg 768w, https:\/\/nemetheva.hu\/wp-content\/uploads\/2024\/10\/16.1_a-1536x922.jpg 1536w, https:\/\/nemetheva.hu\/wp-content\/uploads\/2024\/10\/16.1_a.jpg 2000w\" sizes=\"(max-width: 1024px) 100vw, 1024px\" \/><figcaption class=\"wp-element-caption\">T\u00f6megv\u00e1zlat<\/figcaption><\/figure>\n\n\n\n<figure class=\"wp-block-image aligncenter size-large\"><img decoding=\"async\" width=\"1024\" height=\"614\" src=\"http:\/\/nemetheva.hu\/wp-content\/uploads\/2024\/10\/16.2-1024x614.jpg\" alt=\"\" class=\"wp-image-212\" srcset=\"https:\/\/nemetheva.hu\/wp-content\/uploads\/2024\/10\/16.2-1024x614.jpg 1024w, https:\/\/nemetheva.hu\/wp-content\/uploads\/2024\/10\/16.2-300x180.jpg 300w, https:\/\/nemetheva.hu\/wp-content\/uploads\/2024\/10\/16.2-768x461.jpg 768w, https:\/\/nemetheva.hu\/wp-content\/uploads\/2024\/10\/16.2-1536x922.jpg 1536w, https:\/\/nemetheva.hu\/wp-content\/uploads\/2024\/10\/16.2.jpg 2000w\" sizes=\"(max-width: 1024px) 100vw, 1024px\" \/><figcaption class=\"wp-element-caption\">L\u00e1tv\u00e1nyterv<\/figcaption><\/figure>\n\n\n\n<figure class=\"wp-block-image aligncenter size-large\"><img decoding=\"async\" width=\"1024\" height=\"614\" src=\"http:\/\/nemetheva.hu\/wp-content\/uploads\/2024\/10\/16.3-1024x614.jpg\" alt=\"\" class=\"wp-image-213\" srcset=\"https:\/\/nemetheva.hu\/wp-content\/uploads\/2024\/10\/16.3-1024x614.jpg 1024w, https:\/\/nemetheva.hu\/wp-content\/uploads\/2024\/10\/16.3-300x180.jpg 300w, https:\/\/nemetheva.hu\/wp-content\/uploads\/2024\/10\/16.3-768x461.jpg 768w, https:\/\/nemetheva.hu\/wp-content\/uploads\/2024\/10\/16.3-1536x922.jpg 1536w, https:\/\/nemetheva.hu\/wp-content\/uploads\/2024\/10\/16.3.jpg 2000w\" sizes=\"(max-width: 1024px) 100vw, 1024px\" \/><figcaption class=\"wp-element-caption\">T\u00f6megv\u00e1zlat<\/figcaption><\/figure>\n\n\n\n<figure class=\"wp-block-image aligncenter size-large\"><img loading=\"lazy\" decoding=\"async\" width=\"1024\" height=\"614\" src=\"http:\/\/nemetheva.hu\/wp-content\/uploads\/2024\/10\/16.4-1024x614.jpg\" alt=\"\" class=\"wp-image-214\" srcset=\"https:\/\/nemetheva.hu\/wp-content\/uploads\/2024\/10\/16.4-1024x614.jpg 1024w, https:\/\/nemetheva.hu\/wp-content\/uploads\/2024\/10\/16.4-300x180.jpg 300w, https:\/\/nemetheva.hu\/wp-content\/uploads\/2024\/10\/16.4-768x461.jpg 768w, https:\/\/nemetheva.hu\/wp-content\/uploads\/2024\/10\/16.4-1536x922.jpg 1536w, https:\/\/nemetheva.hu\/wp-content\/uploads\/2024\/10\/16.4.jpg 2000w\" sizes=\"(max-width: 1024px) 100vw, 1024px\" \/><figcaption class=\"wp-element-caption\">L\u00e1tv\u00e1nyterv<\/figcaption><\/figure>\n\n\n\n<figure class=\"wp-block-image aligncenter size-large\"><img loading=\"lazy\" decoding=\"async\" width=\"1024\" height=\"614\" src=\"http:\/\/nemetheva.hu\/wp-content\/uploads\/2024\/10\/16.5-1024x614.jpg\" alt=\"\" class=\"wp-image-215\" srcset=\"https:\/\/nemetheva.hu\/wp-content\/uploads\/2024\/10\/16.5-1024x614.jpg 1024w, https:\/\/nemetheva.hu\/wp-content\/uploads\/2024\/10\/16.5-300x180.jpg 300w, https:\/\/nemetheva.hu\/wp-content\/uploads\/2024\/10\/16.5-768x461.jpg 768w, https:\/\/nemetheva.hu\/wp-content\/uploads\/2024\/10\/16.5-1536x922.jpg 1536w, https:\/\/nemetheva.hu\/wp-content\/uploads\/2024\/10\/16.5.jpg 2000w\" sizes=\"(max-width: 1024px) 100vw, 1024px\" \/><figcaption class=\"wp-element-caption\">T\u00f6megv\u00e1zlat<\/figcaption><\/figure>\n\n\n\n<figure class=\"wp-block-image aligncenter size-large\"><img loading=\"lazy\" decoding=\"async\" width=\"1024\" height=\"614\" src=\"http:\/\/nemetheva.hu\/wp-content\/uploads\/2024\/10\/16.6-1024x614.jpg\" alt=\"\" class=\"wp-image-216\" srcset=\"https:\/\/nemetheva.hu\/wp-content\/uploads\/2024\/10\/16.6-1024x614.jpg 1024w, https:\/\/nemetheva.hu\/wp-content\/uploads\/2024\/10\/16.6-300x180.jpg 300w, https:\/\/nemetheva.hu\/wp-content\/uploads\/2024\/10\/16.6-768x461.jpg 768w, https:\/\/nemetheva.hu\/wp-content\/uploads\/2024\/10\/16.6-1536x922.jpg 1536w, https:\/\/nemetheva.hu\/wp-content\/uploads\/2024\/10\/16.6.jpg 2000w\" sizes=\"(max-width: 1024px) 100vw, 1024px\" \/><figcaption class=\"wp-element-caption\">L\u00e1tv\u00e1nyterv<\/figcaption><\/figure>\n\n\n\n<div class=\"wp-block-columns is-layout-flex wp-container-core-columns-is-layout-2 wp-block-columns-is-layout-flex\">\n<div class=\"wp-block-column is-layout-flow wp-block-column-is-layout-flow\">\n<div class=\"wp-block-buttons is-content-justification-center is-layout-flex wp-container-core-buttons-is-layout-1 wp-block-buttons-is-layout-flex\">\n<div class=\"wp-block-button is-style-outline is-style-outline--3c7b651f5f320cfe70acfe701170df48\"><a class=\"wp-block-button__link wp-element-button\" href=\"http:\/\/nemetheva.hu\/index.php\/p5\/\">El\u0151z\u0151<\/a><\/div>\n<\/div>\n<\/div>\n\n\n\n<div class=\"wp-block-column is-layout-flow wp-block-column-is-layout-flow\">\n<div class=\"wp-block-buttons is-content-justification-center is-layout-flex wp-container-core-buttons-is-layout-2 wp-block-buttons-is-layout-flex\">\n<div class=\"wp-block-button is-style-outline is-style-outline--6d7fe165c514c717df02271e9ada6f0b\"><a class=\"wp-block-button__link wp-element-button\" href=\"http:\/\/nemetheva.hu\">F\u0151oldal<\/a><\/div>\n<\/div>\n<\/div>\n\n\n\n<div class=\"wp-block-column is-layout-flow wp-block-column-is-layout-flow\">\n<div class=\"wp-block-columns is-layout-flex wp-container-core-columns-is-layout-1 wp-block-columns-is-layout-flex\">\n<div class=\"wp-block-column is-layout-flow wp-block-column-is-layout-flow\">\n<div class=\"wp-block-buttons is-content-justification-center is-layout-flex wp-container-core-buttons-is-layout-3 wp-block-buttons-is-layout-flex\">\n<div class=\"wp-block-button is-style-outline is-style-outline--f3a55485021bc8fb03ce77b37964230f\"><a class=\"wp-block-button__link wp-element-button\" href=\"http:\/\/nemetheva.hu\/index.php\/p7\/\">K\u00f6vetkez\u0151<\/a><\/div>\n<\/div>\n<\/div>\n<\/div>\n<\/div>\n<\/div>\n\n\n\n<p><\/p>\n","protected":false},"excerpt":{"rendered":"<p>A feladat egy k\u00e9tlak\u00e1sos csal\u00e1dih\u00e1z tervez\u00e9se volt a terep lejt\u00e9s\u00e9t k\u00f6vetve.<\/p>\n","protected":false},"author":2,"featured_media":0,"parent":0,"menu_order":0,"comment_status":"closed","ping_status":"closed","template":"","meta":{"footnotes":""},"class_list":["post-375","page","type-page","status-publish","hentry"],"_links":{"self":[{"href":"https:\/\/nemetheva.hu\/index.php\/wp-json\/wp\/v2\/pages\/375"}],"collection":[{"href":"https:\/\/nemetheva.hu\/index.php\/wp-json\/wp\/v2\/pages"}],"about":[{"href":"https:\/\/nemetheva.hu\/index.php\/wp-json\/wp\/v2\/types\/page"}],"author":[{"embeddable":true,"href":"https:\/\/nemetheva.hu\/index.php\/wp-json\/wp\/v2\/users\/2"}],"replies":[{"embeddable":true,"href":"https:\/\/nemetheva.hu\/index.php\/wp-json\/wp\/v2\/comments?post=375"}],"version-history":[{"count":9,"href":"https:\/\/nemetheva.hu\/index.php\/wp-json\/wp\/v2\/pages\/375\/revisions"}],"predecessor-version":[{"id":728,"href":"https:\/\/nemetheva.hu\/index.php\/wp-json\/wp\/v2\/pages\/375\/revisions\/728"}],"wp:attachment":[{"href":"https:\/\/nemetheva.hu\/index.php\/wp-json\/wp\/v2\/media?parent=375"}],"curies":[{"name":"wp","href":"https:\/\/api.w.org\/{rel}","templated":true}]}}